{"id":18460,"date":"2026-04-08T12:55:29","date_gmt":"2026-04-08T10:55:29","guid":{"rendered":"https:\/\/botiga.domeniowines.com\/?post_type=product&#038;p=18460"},"modified":"2026-04-08T13:25:18","modified_gmt":"2026-04-08T11:25:18","slug":"pack-sant-jordi-solidario-cava-reserva-capac-rosa-de-chocolate","status":"publish","type":"product","link":"https:\/\/botiga.domeniowines.com\/es\/producto\/pack-sant-jordi-solidario-cava-reserva-capac-rosa-de-chocolate\/","title":{"rendered":"Pack Sant Jordi solidario Cava reserva Capa\u00e7 + Rosa de chocolate"},"content":{"rendered":"\t\t<div data-elementor-type=\"wp-post\" data-elementor-id=\"18460\" class=\"elementor elementor-18460 elementor-18459\" data-elementor-post-type=\"product\">\n\t\t\t\t<div class=\"wd-negative-gap elementor-element elementor-element-5e85284 e-flex e-con-boxed e-con e-parent\" data-id=\"5e85284\" data-element_type=\"container\">\n\t\t\t\t\t<div class=\"e-con-inner\">\n\t\t\t\t<div class=\"elementor-element elementor-element-34e394e color-scheme-inherit text-left elementor-widget elementor-widget-text-editor\" data-id=\"34e394e\" data-element_type=\"widget\" data-widget_type=\"text-editor.default\">\n\t\t\t\t<div class=\"elementor-widget-container\">\n\t\t\t\t\t\t\t<p>Crianza de 50 meses en botella. Xarel\u00b7lo, Macabeo y Parellada. D.O. CAVA<br \/><em>Edici\u00f3n limitada y solidaria. Los beneficios obtenidos se destinaran a impulsar artistas con diversidad funcional de la red ArtSingular de la Fundaci\u00f3n Josep Santacreu.<\/em><\/p>\t\t\t\t\t\t<\/div>\n\t\t\t\t<\/div>\n\t\t\t\t\t<\/div>\n\t\t\t\t<\/div>\n\t\t\t\t<\/div>\n\t\t","protected":false},"excerpt":{"rendered":"<div data-olk-copy-source=\"MessageBody\">Rosa de galleta hecha a mano en forma de rosa y recubierta con un delicioso chocolate negro. Presentada dentro de una caja de regalo craft.<\/div>\n<div><\/div>\n<div>La rosa est\u00e1 elaborada por el obrador El Rosal de la Asociaci\u00f3n Alba, un proyecto de economia social y de inserci\u00f3n sociolaboral para persones en riesgo de exclusi\u00f3n que trabaja para el bienestar de las persones con diversidad funcional y en riesgo de exclusi\u00f3n.<\/div>\n<div><\/div>\n<div>El cava solidario Capa\u00e7* est\u00e1 impulsado por\u00a0la Fundaci\u00f3n Domenys en colaboraci\u00f3n con la Fundaci\u00f3 Josep Santacreu. La etiqueta est\u00e1 creada por Manuel Ruiz, artista de la red ArtSingular de la Fundaci\u00f3n Josep Santacreu. Todos los beneficios se destinaran a impulsar artistas con diversidad funcional.<\/div>\n<div><\/div>\n<div>M\u00e9todo tradicional con crianza de 50 meses en la primera Catedral del Vino de C\u00e8sar Martinell, en Rocafort de Queralt. Xarel\u00b7lo, Macabeo y Parellada. D.O. CAVA. Aromas frescos y sutiles de hinojo y c\u00edtricos. En boca es cremoso, amplio y untuoso, con burbuja elegante y persistente.<\/div>\n","protected":false},"featured_media":18450,"comment_status":"closed","ping_status":"closed","template":"","meta":{"_monsterinsights_skip_tracking":false,"_monsterinsights_sitenote_active":false,"_monsterinsights_sitenote_note":"","_monsterinsights_sitenote_category":0},"product_cat":[111,113,103],"product_tag":[],"class_list":{"0":"post-18460","1":"product","2":"type-product","3":"status-publish","4":"has-post-thumbnail","6":"product_cat-cava-es","7":"product_cat-blanc-cava-es","8":"product_cat-promocions-es","10":"first","11":"instock","12":"taxable","13":"shipping-taxable","14":"purchasable","15":"product-type-simple"},"yoast_head":"<!-- This site is optimized with the Yoast SEO plugin v25.5 - https:\/\/yoast.com\/wordpress\/plugins\/seo\/ -->\n<title>Pack Sant Jordi solidario Cava reserva Capa\u00e7 + Rosa de chocolate - Botiga Domeniowines<\/title>\n<meta name=\"robots\" content=\"index, follow, max-snippet:-1, max-image-preview:large, max-video-preview:-1\" \/>\n<link rel=\"canonical\" href=\"https:\/\/botiga.domeniowines.com\/es\/producto\/pack-sant-jordi-solidario-cava-reserva-capac-rosa-de-chocolate\/\" \/>\n<meta property=\"og:locale\" content=\"es_ES\" \/>\n<meta property=\"og:type\" content=\"article\" \/>\n<meta property=\"og:title\" content=\"Pack Sant Jordi solidario Cava reserva Capa\u00e7 + Rosa de chocolate - Botiga Domeniowines\" \/>\n<meta property=\"og:description\" content=\"Rosa de galleta hecha a mano en forma de rosa y recubierta con un delicioso chocolate negro. Presentada dentro de una caja de regalo craft.  La rosa est\u00e1 elaborada por el obrador El Rosal de la Asociaci\u00f3n Alba, un proyecto de economia social y de inserci\u00f3n sociolaboral para persones en riesgo de exclusi\u00f3n que trabaja para el bienestar de las persones con diversidad funcional y en riesgo de exclusi\u00f3n.  El cava solidario Capa\u00e7* est\u00e1 impulsado por\u00a0la Fundaci\u00f3n Domenys en colaboraci\u00f3n con la Fundaci\u00f3 Josep Santacreu. La etiqueta est\u00e1 creada por Manuel Ruiz, artista de la red ArtSingular de la Fundaci\u00f3n Josep Santacreu. Todos los beneficios se destinaran a impulsar artistas con diversidad funcional.  M\u00e9todo tradicional con crianza de 50 meses en la primera Catedral del Vino de C\u00e8sar Martinell, en Rocafort de Queralt. Xarel\u00b7lo, Macabeo y Parellada. D.O. CAVA. Aromas frescos y sutiles de hinojo y c\u00edtricos. En boca es cremoso, amplio y untuoso, con burbuja elegante y persistente.\" \/>\n<meta property=\"og:url\" content=\"https:\/\/botiga.domeniowines.com\/es\/producto\/pack-sant-jordi-solidario-cava-reserva-capac-rosa-de-chocolate\/\" \/>\n<meta property=\"og:site_name\" content=\"Botiga Domeniowines\" \/>\n<meta property=\"article:modified_time\" content=\"2026-04-08T11:25:18+00:00\" \/>\n<meta property=\"og:image\" content=\"https:\/\/botiga.domeniowines.com\/wp-content\/uploads\/2026\/04\/PackWeb_RosaXocolata.png\" \/>\n\t<meta property=\"og:image:width\" content=\"700\" \/>\n\t<meta property=\"og:image:height\" content=\"1201\" \/>\n\t<meta property=\"og:image:type\" content=\"image\/png\" \/>\n<meta name=\"twitter:card\" content=\"summary_large_image\" \/>\n<meta name=\"twitter:label1\" content=\"Tiempo de lectura\" \/>\n\t<meta name=\"twitter:data1\" content=\"1 minuto\" \/>\n<script type=\"application\/ld+json\" class=\"yoast-schema-graph\">{\"@context\":\"https:\/\/schema.org\",\"@graph\":[{\"@type\":\"WebPage\",\"@id\":\"https:\/\/botiga.domeniowines.com\/es\/producto\/pack-sant-jordi-solidario-cava-reserva-capac-rosa-de-chocolate\/\",\"url\":\"https:\/\/botiga.domeniowines.com\/es\/producto\/pack-sant-jordi-solidario-cava-reserva-capac-rosa-de-chocolate\/\",\"name\":\"Pack Sant Jordi solidario Cava reserva Capa\u00e7 + Rosa de chocolate - Botiga Domeniowines\",\"isPartOf\":{\"@id\":\"https:\/\/botiga.domeniowines.com\/#website\"},\"primaryImageOfPage\":{\"@id\":\"https:\/\/botiga.domeniowines.com\/es\/producto\/pack-sant-jordi-solidario-cava-reserva-capac-rosa-de-chocolate\/#primaryimage\"},\"image\":{\"@id\":\"https:\/\/botiga.domeniowines.com\/es\/producto\/pack-sant-jordi-solidario-cava-reserva-capac-rosa-de-chocolate\/#primaryimage\"},\"thumbnailUrl\":\"https:\/\/botiga.domeniowines.com\/wp-content\/uploads\/2026\/04\/PackWeb_RosaXocolata.png\",\"datePublished\":\"2026-04-08T10:55:29+00:00\",\"dateModified\":\"2026-04-08T11:25:18+00:00\",\"breadcrumb\":{\"@id\":\"https:\/\/botiga.domeniowines.com\/es\/producto\/pack-sant-jordi-solidario-cava-reserva-capac-rosa-de-chocolate\/#breadcrumb\"},\"inLanguage\":\"es\",\"potentialAction\":[{\"@type\":\"ReadAction\",\"target\":[\"https:\/\/botiga.domeniowines.com\/es\/producto\/pack-sant-jordi-solidario-cava-reserva-capac-rosa-de-chocolate\/\"]}]},{\"@type\":\"ImageObject\",\"inLanguage\":\"es\",\"@id\":\"https:\/\/botiga.domeniowines.com\/es\/producto\/pack-sant-jordi-solidario-cava-reserva-capac-rosa-de-chocolate\/#primaryimage\",\"url\":\"https:\/\/botiga.domeniowines.com\/wp-content\/uploads\/2026\/04\/PackWeb_RosaXocolata.png\",\"contentUrl\":\"https:\/\/botiga.domeniowines.com\/wp-content\/uploads\/2026\/04\/PackWeb_RosaXocolata.png\",\"width\":700,\"height\":1201},{\"@type\":\"BreadcrumbList\",\"@id\":\"https:\/\/botiga.domeniowines.com\/es\/producto\/pack-sant-jordi-solidario-cava-reserva-capac-rosa-de-chocolate\/#breadcrumb\",\"itemListElement\":[{\"@type\":\"ListItem\",\"position\":1,\"name\":\"Inici\",\"item\":\"https:\/\/botiga.domeniowines.com\/es\/\"},{\"@type\":\"ListItem\",\"position\":2,\"name\":\"Botiga\",\"item\":\"https:\/\/botiga.domeniowines.com\/es\/tienda-online\/\"},{\"@type\":\"ListItem\",\"position\":3,\"name\":\"Pack Sant Jordi solidario Cava reserva Capa\u00e7 + Rosa de chocolate\"}]},{\"@type\":\"WebSite\",\"@id\":\"https:\/\/botiga.domeniowines.com\/#website\",\"url\":\"https:\/\/botiga.domeniowines.com\/\",\"name\":\"Botiga Domeniowines\",\"description\":\"\",\"potentialAction\":[{\"@type\":\"SearchAction\",\"target\":{\"@type\":\"EntryPoint\",\"urlTemplate\":\"https:\/\/botiga.domeniowines.com\/?s={search_term_string}\"},\"query-input\":{\"@type\":\"PropertyValueSpecification\",\"valueRequired\":true,\"valueName\":\"search_term_string\"}}],\"inLanguage\":\"es\"}]}<\/script>\n<!-- \/ Yoast SEO plugin. -->","yoast_head_json":{"title":"Pack Sant Jordi solidario Cava reserva Capa\u00e7 + Rosa de chocolate - Botiga Domeniowines","robots":{"index":"index","follow":"follow","max-snippet":"max-snippet:-1","max-image-preview":"max-image-preview:large","max-video-preview":"max-video-preview:-1"},"canonical":"https:\/\/botiga.domeniowines.com\/es\/producto\/pack-sant-jordi-solidario-cava-reserva-capac-rosa-de-chocolate\/","og_locale":"es_ES","og_type":"article","og_title":"Pack Sant Jordi solidario Cava reserva Capa\u00e7 + Rosa de chocolate - Botiga Domeniowines","og_description":"Rosa de galleta hecha a mano en forma de rosa y recubierta con un delicioso chocolate negro. Presentada dentro de una caja de regalo craft.  La rosa est\u00e1 elaborada por el obrador El Rosal de la Asociaci\u00f3n Alba, un proyecto de economia social y de inserci\u00f3n sociolaboral para persones en riesgo de exclusi\u00f3n que trabaja para el bienestar de las persones con diversidad funcional y en riesgo de exclusi\u00f3n.  El cava solidario Capa\u00e7* est\u00e1 impulsado por\u00a0la Fundaci\u00f3n Domenys en colaboraci\u00f3n con la Fundaci\u00f3 Josep Santacreu. La etiqueta est\u00e1 creada por Manuel Ruiz, artista de la red ArtSingular de la Fundaci\u00f3n Josep Santacreu. Todos los beneficios se destinaran a impulsar artistas con diversidad funcional.  M\u00e9todo tradicional con crianza de 50 meses en la primera Catedral del Vino de C\u00e8sar Martinell, en Rocafort de Queralt. Xarel\u00b7lo, Macabeo y Parellada. D.O. CAVA. Aromas frescos y sutiles de hinojo y c\u00edtricos. En boca es cremoso, amplio y untuoso, con burbuja elegante y persistente.","og_url":"https:\/\/botiga.domeniowines.com\/es\/producto\/pack-sant-jordi-solidario-cava-reserva-capac-rosa-de-chocolate\/","og_site_name":"Botiga Domeniowines","article_modified_time":"2026-04-08T11:25:18+00:00","og_image":[{"width":700,"height":1201,"url":"https:\/\/botiga.domeniowines.com\/wp-content\/uploads\/2026\/04\/PackWeb_RosaXocolata.png","type":"image\/png"}],"twitter_card":"summary_large_image","twitter_misc":{"Tiempo de lectura":"1 minuto"},"schema":{"@context":"https:\/\/schema.org","@graph":[{"@type":"WebPage","@id":"https:\/\/botiga.domeniowines.com\/es\/producto\/pack-sant-jordi-solidario-cava-reserva-capac-rosa-de-chocolate\/","url":"https:\/\/botiga.domeniowines.com\/es\/producto\/pack-sant-jordi-solidario-cava-reserva-capac-rosa-de-chocolate\/","name":"Pack Sant Jordi solidario Cava reserva Capa\u00e7 + Rosa de chocolate - Botiga Domeniowines","isPartOf":{"@id":"https:\/\/botiga.domeniowines.com\/#website"},"primaryImageOfPage":{"@id":"https:\/\/botiga.domeniowines.com\/es\/producto\/pack-sant-jordi-solidario-cava-reserva-capac-rosa-de-chocolate\/#primaryimage"},"image":{"@id":"https:\/\/botiga.domeniowines.com\/es\/producto\/pack-sant-jordi-solidario-cava-reserva-capac-rosa-de-chocolate\/#primaryimage"},"thumbnailUrl":"https:\/\/botiga.domeniowines.com\/wp-content\/uploads\/2026\/04\/PackWeb_RosaXocolata.png","datePublished":"2026-04-08T10:55:29+00:00","dateModified":"2026-04-08T11:25:18+00:00","breadcrumb":{"@id":"https:\/\/botiga.domeniowines.com\/es\/producto\/pack-sant-jordi-solidario-cava-reserva-capac-rosa-de-chocolate\/#breadcrumb"},"inLanguage":"es","potentialAction":[{"@type":"ReadAction","target":["https:\/\/botiga.domeniowines.com\/es\/producto\/pack-sant-jordi-solidario-cava-reserva-capac-rosa-de-chocolate\/"]}]},{"@type":"ImageObject","inLanguage":"es","@id":"https:\/\/botiga.domeniowines.com\/es\/producto\/pack-sant-jordi-solidario-cava-reserva-capac-rosa-de-chocolate\/#primaryimage","url":"https:\/\/botiga.domeniowines.com\/wp-content\/uploads\/2026\/04\/PackWeb_RosaXocolata.png","contentUrl":"https:\/\/botiga.domeniowines.com\/wp-content\/uploads\/2026\/04\/PackWeb_RosaXocolata.png","width":700,"height":1201},{"@type":"BreadcrumbList","@id":"https:\/\/botiga.domeniowines.com\/es\/producto\/pack-sant-jordi-solidario-cava-reserva-capac-rosa-de-chocolate\/#breadcrumb","itemListElement":[{"@type":"ListItem","position":1,"name":"Inici","item":"https:\/\/botiga.domeniowines.com\/es\/"},{"@type":"ListItem","position":2,"name":"Botiga","item":"https:\/\/botiga.domeniowines.com\/es\/tienda-online\/"},{"@type":"ListItem","position":3,"name":"Pack Sant Jordi solidario Cava reserva Capa\u00e7 + Rosa de chocolate"}]},{"@type":"WebSite","@id":"https:\/\/botiga.domeniowines.com\/#website","url":"https:\/\/botiga.domeniowines.com\/","name":"Botiga Domeniowines","description":"","potentialAction":[{"@type":"SearchAction","target":{"@type":"EntryPoint","urlTemplate":"https:\/\/botiga.domeniowines.com\/?s={search_term_string}"},"query-input":{"@type":"PropertyValueSpecification","valueRequired":true,"valueName":"search_term_string"}}],"inLanguage":"es"}]}},"_links":{"self":[{"href":"https:\/\/botiga.domeniowines.com\/es\/wp-json\/wp\/v2\/product\/18460","targetHints":{"allow":["GET"]}}],"collection":[{"href":"https:\/\/botiga.domeniowines.com\/es\/wp-json\/wp\/v2\/product"}],"about":[{"href":"https:\/\/botiga.domeniowines.com\/es\/wp-json\/wp\/v2\/types\/product"}],"replies":[{"embeddable":true,"href":"https:\/\/botiga.domeniowines.com\/es\/wp-json\/wp\/v2\/comments?post=18460"}],"version-history":[{"count":3,"href":"https:\/\/botiga.domeniowines.com\/es\/wp-json\/wp\/v2\/product\/18460\/revisions"}],"predecessor-version":[{"id":18474,"href":"https:\/\/botiga.domeniowines.com\/es\/wp-json\/wp\/v2\/product\/18460\/revisions\/18474"}],"wp:featuredmedia":[{"embeddable":true,"href":"https:\/\/botiga.domeniowines.com\/es\/wp-json\/wp\/v2\/media\/18450"}],"wp:attachment":[{"href":"https:\/\/botiga.domeniowines.com\/es\/wp-json\/wp\/v2\/media?parent=18460"}],"wp:term":[{"taxonomy":"product_cat","embeddable":true,"href":"https:\/\/botiga.domeniowines.com\/es\/wp-json\/wp\/v2\/product_cat?post=18460"},{"taxonomy":"product_tag","embeddable":true,"href":"https:\/\/botiga.domeniowines.com\/es\/wp-json\/wp\/v2\/product_tag?post=18460"}],"curies":[{"name":"wp","href":"https:\/\/api.w.org\/{rel}","templated":true}]}}