{"id":18202,"date":"2025-12-02T11:05:44","date_gmt":"2025-12-02T10:05:44","guid":{"rendered":"https:\/\/botiga.domeniowines.com\/?post_type=product&#038;p=18202"},"modified":"2025-12-02T13:36:35","modified_gmt":"2025-12-02T12:36:35","slug":"capac-brut-nature-reserva-cava-solidario","status":"publish","type":"product","link":"https:\/\/botiga.domeniowines.com\/es\/producto\/capac-brut-nature-reserva-cava-solidario\/","title":{"rendered":"CAPA\u00c7 BRUT NATURE RESERVA. Cava solidario"},"content":{"rendered":"\t\t<div data-elementor-type=\"wp-post\" data-elementor-id=\"18202\" class=\"elementor elementor-18202 elementor-18201\" data-elementor-post-type=\"product\">\n\t\t\t\t<div class=\"wd-negative-gap elementor-element elementor-element-5e85284 e-flex e-con-boxed e-con e-parent\" data-id=\"5e85284\" data-element_type=\"container\">\n\t\t\t\t\t<div class=\"e-con-inner\">\n\t\t\t\t<div class=\"elementor-element elementor-element-34e394e color-scheme-inherit text-left elementor-widget elementor-widget-text-editor\" data-id=\"34e394e\" data-element_type=\"widget\" data-widget_type=\"text-editor.default\">\n\t\t\t\t<div class=\"elementor-widget-container\">\n\t\t\t\t\t\t\t<p>Crianza de 50 meses en botella. Xarel\u00b7lo, Macabeo y Parellada. D.O. CAVA<br \/><em>Edici\u00f3n limitada y solidaria. Los beneficios obtenidos se destinaran a impulsar artistas con diversidad funcional de la red ArtSingular de la Fundaci\u00f3n Josep Santacreu.<\/em><\/p>\t\t\t\t\t\t<\/div>\n\t\t\t\t<\/div>\n\t\t\t\t\t<\/div>\n\t\t\t\t<\/div>\n\t\t\t\t<\/div>\n\t\t","protected":false},"excerpt":{"rendered":"<div id=\"product-description-short-6\">\n<div id=\"product-description-short-6\">\n<p data-start=\"99\" data-end=\"406\">Cava solidario del proyecto Capa\u00e7*, impulsado por la Fundaci\u00f3n Domenys en colaboraci\u00f3 con la Fundaci\u00f3 Josep Santacreu. La etiqueta est\u00e1 creada por Manuel Ruiz, artista de la red ArtSingular de la Fundaci\u00f3n Josep Santacreu. <strong>Todos los beneficios se destinaran a impulsar artistas con diversidad funcional.\u00a0<\/strong><\/p>\n<p data-start=\"99\" data-end=\"406\"><strong>Edici\u00f3n limitada de 2.500 botellas.<\/strong> Cada Capa\u00e7* es una obra de arte \u00fanica que se puede beber, compartir y coleccionar y contiene una litograf\u00eda numerada que envuelve un cava \u00fanico para brindar por todas las capacidades.<\/p>\n<p data-start=\"99\" data-end=\"406\">M\u00e9todo tradicional con crianza de 50 meses en la primera Catedral del Vino de C\u00e8sar Martinell, en Rocafort de Queralt. Xarel\u00b7lo, Macabeo y Parellada. D.O. CAVA. Aromas frescos y sutiles de hinojo y c\u00edtricos. En boca es cremoso, amplio y untuoso, con burbuja elegante y persistente.<\/p>\n<\/div>\n<\/div>\n","protected":false},"featured_media":18206,"comment_status":"closed","ping_status":"closed","template":"","meta":{"_monsterinsights_skip_tracking":false,"_monsterinsights_sitenote_active":false,"_monsterinsights_sitenote_note":"","_monsterinsights_sitenote_category":0},"product_cat":[111,113],"product_tag":[102],"class_list":{"0":"post-18202","1":"product","2":"type-product","3":"status-publish","4":"has-post-thumbnail","6":"product_cat-cava-es","7":"product_cat-blanc-cava-es","8":"product_tag-ampolla-es","10":"first","11":"instock","12":"taxable","13":"shipping-taxable","14":"purchasable","15":"product-type-simple"},"yoast_head":"<!-- This site is optimized with the Yoast SEO plugin v25.5 - https:\/\/yoast.com\/wordpress\/plugins\/seo\/ -->\n<title>CAPA\u00c7 BRUT NATURE RESERVA. Cava solidario - Botiga Domeniowines<\/title>\n<meta name=\"robots\" content=\"index, follow, max-snippet:-1, max-image-preview:large, max-video-preview:-1\" \/>\n<link rel=\"canonical\" href=\"https:\/\/botiga.domeniowines.com\/producto\/capac-brut-nature-reserva-cava-solidari\/\" \/>\n<meta property=\"og:locale\" content=\"es_ES\" \/>\n<meta property=\"og:type\" content=\"article\" \/>\n<meta property=\"og:title\" content=\"CAPA\u00c7 BRUT NATURE RESERVA. Cava solidario - Botiga Domeniowines\" \/>\n<meta property=\"og:description\" content=\"Cava solidario del proyecto Capa\u00e7*, impulsado por la Fundaci\u00f3n Domenys en colaboraci\u00f3 con la Fundaci\u00f3 Josep Santacreu. La etiqueta est\u00e1 creada por Manuel Ruiz, artista de la red ArtSingular de la Fundaci\u00f3n Josep Santacreu. Todos los beneficios se destinaran a impulsar artistas con diversidad funcional.\u00a0 Edici\u00f3n limitada de 2.500 botellas. Cada Capa\u00e7* es una obra de arte \u00fanica que se puede beber, compartir y coleccionar y contiene una litograf\u00eda numerada que envuelve un cava \u00fanico para brindar por todas las capacidades. M\u00e9todo tradicional con crianza de 50 meses en la primera Catedral del Vino de C\u00e8sar Martinell, en Rocafort de Queralt. Xarel\u00b7lo, Macabeo y Parellada. D.O. CAVA. Aromas frescos y sutiles de hinojo y c\u00edtricos. En boca es cremoso, amplio y untuoso, con burbuja elegante y persistente.\" \/>\n<meta property=\"og:url\" content=\"https:\/\/botiga.domeniowines.com\/producto\/capac-brut-nature-reserva-cava-solidari\/\" \/>\n<meta property=\"og:site_name\" content=\"Botiga Domeniowines\" \/>\n<meta property=\"article:modified_time\" content=\"2025-12-02T12:36:35+00:00\" \/>\n<meta property=\"og:image\" content=\"https:\/\/botiga.domeniowines.com\/wp-content\/uploads\/2025\/12\/20250619_TresNaus_Rosat-2.png\" \/>\n\t<meta property=\"og:image:width\" content=\"700\" \/>\n\t<meta property=\"og:image:height\" content=\"1201\" \/>\n\t<meta property=\"og:image:type\" content=\"image\/png\" \/>\n<meta name=\"twitter:card\" content=\"summary_large_image\" \/>\n<meta name=\"twitter:label1\" content=\"Tiempo de lectura\" \/>\n\t<meta name=\"twitter:data1\" content=\"1 minuto\" \/>\n<script type=\"application\/ld+json\" class=\"yoast-schema-graph\">{\"@context\":\"https:\/\/schema.org\",\"@graph\":[{\"@type\":\"WebPage\",\"@id\":\"https:\/\/botiga.domeniowines.com\/producto\/capac-brut-nature-reserva-cava-solidari\/\",\"url\":\"https:\/\/botiga.domeniowines.com\/producto\/capac-brut-nature-reserva-cava-solidari\/\",\"name\":\"CAPA\u00c7 BRUT NATURE RESERVA. Cava solidario - Botiga Domeniowines\",\"isPartOf\":{\"@id\":\"https:\/\/botiga.domeniowines.com\/#website\"},\"primaryImageOfPage\":{\"@id\":\"https:\/\/botiga.domeniowines.com\/producto\/capac-brut-nature-reserva-cava-solidari\/#primaryimage\"},\"image\":{\"@id\":\"https:\/\/botiga.domeniowines.com\/producto\/capac-brut-nature-reserva-cava-solidari\/#primaryimage\"},\"thumbnailUrl\":\"https:\/\/botiga.domeniowines.com\/wp-content\/uploads\/2025\/12\/20250619_TresNaus_Rosat-2.png\",\"datePublished\":\"2025-12-02T10:05:44+00:00\",\"dateModified\":\"2025-12-02T12:36:35+00:00\",\"breadcrumb\":{\"@id\":\"https:\/\/botiga.domeniowines.com\/producto\/capac-brut-nature-reserva-cava-solidari\/#breadcrumb\"},\"inLanguage\":\"es\",\"potentialAction\":[{\"@type\":\"ReadAction\",\"target\":[\"https:\/\/botiga.domeniowines.com\/producto\/capac-brut-nature-reserva-cava-solidari\/\"]}]},{\"@type\":\"ImageObject\",\"inLanguage\":\"es\",\"@id\":\"https:\/\/botiga.domeniowines.com\/producto\/capac-brut-nature-reserva-cava-solidari\/#primaryimage\",\"url\":\"https:\/\/botiga.domeniowines.com\/wp-content\/uploads\/2025\/12\/20250619_TresNaus_Rosat-2.png\",\"contentUrl\":\"https:\/\/botiga.domeniowines.com\/wp-content\/uploads\/2025\/12\/20250619_TresNaus_Rosat-2.png\",\"width\":700,\"height\":1201},{\"@type\":\"BreadcrumbList\",\"@id\":\"https:\/\/botiga.domeniowines.com\/producto\/capac-brut-nature-reserva-cava-solidari\/#breadcrumb\",\"itemListElement\":[{\"@type\":\"ListItem\",\"position\":1,\"name\":\"Inici\",\"item\":\"https:\/\/botiga.domeniowines.com\/es\/\"},{\"@type\":\"ListItem\",\"position\":2,\"name\":\"Botiga\",\"item\":\"https:\/\/botiga.domeniowines.com\/es\/tienda-online\/\"},{\"@type\":\"ListItem\",\"position\":3,\"name\":\"CAPA\u00c7 BRUT NATURE RESERVA. Cava solidario\"}]},{\"@type\":\"WebSite\",\"@id\":\"https:\/\/botiga.domeniowines.com\/#website\",\"url\":\"https:\/\/botiga.domeniowines.com\/\",\"name\":\"Botiga Domeniowines\",\"description\":\"\",\"potentialAction\":[{\"@type\":\"SearchAction\",\"target\":{\"@type\":\"EntryPoint\",\"urlTemplate\":\"https:\/\/botiga.domeniowines.com\/?s={search_term_string}\"},\"query-input\":{\"@type\":\"PropertyValueSpecification\",\"valueRequired\":true,\"valueName\":\"search_term_string\"}}],\"inLanguage\":\"es\"}]}<\/script>\n<!-- \/ Yoast SEO plugin. -->","yoast_head_json":{"title":"CAPA\u00c7 BRUT NATURE RESERVA. Cava solidario - Botiga Domeniowines","robots":{"index":"index","follow":"follow","max-snippet":"max-snippet:-1","max-image-preview":"max-image-preview:large","max-video-preview":"max-video-preview:-1"},"canonical":"https:\/\/botiga.domeniowines.com\/producto\/capac-brut-nature-reserva-cava-solidari\/","og_locale":"es_ES","og_type":"article","og_title":"CAPA\u00c7 BRUT NATURE RESERVA. Cava solidario - Botiga Domeniowines","og_description":"Cava solidario del proyecto Capa\u00e7*, impulsado por la Fundaci\u00f3n Domenys en colaboraci\u00f3 con la Fundaci\u00f3 Josep Santacreu. La etiqueta est\u00e1 creada por Manuel Ruiz, artista de la red ArtSingular de la Fundaci\u00f3n Josep Santacreu. Todos los beneficios se destinaran a impulsar artistas con diversidad funcional.\u00a0 Edici\u00f3n limitada de 2.500 botellas. Cada Capa\u00e7* es una obra de arte \u00fanica que se puede beber, compartir y coleccionar y contiene una litograf\u00eda numerada que envuelve un cava \u00fanico para brindar por todas las capacidades. M\u00e9todo tradicional con crianza de 50 meses en la primera Catedral del Vino de C\u00e8sar Martinell, en Rocafort de Queralt. Xarel\u00b7lo, Macabeo y Parellada. D.O. CAVA. Aromas frescos y sutiles de hinojo y c\u00edtricos. En boca es cremoso, amplio y untuoso, con burbuja elegante y persistente.","og_url":"https:\/\/botiga.domeniowines.com\/producto\/capac-brut-nature-reserva-cava-solidari\/","og_site_name":"Botiga Domeniowines","article_modified_time":"2025-12-02T12:36:35+00:00","og_image":[{"width":700,"height":1201,"url":"https:\/\/botiga.domeniowines.com\/wp-content\/uploads\/2025\/12\/20250619_TresNaus_Rosat-2.png","type":"image\/png"}],"twitter_card":"summary_large_image","twitter_misc":{"Tiempo de lectura":"1 minuto"},"schema":{"@context":"https:\/\/schema.org","@graph":[{"@type":"WebPage","@id":"https:\/\/botiga.domeniowines.com\/producto\/capac-brut-nature-reserva-cava-solidari\/","url":"https:\/\/botiga.domeniowines.com\/producto\/capac-brut-nature-reserva-cava-solidari\/","name":"CAPA\u00c7 BRUT NATURE RESERVA. Cava solidario - Botiga Domeniowines","isPartOf":{"@id":"https:\/\/botiga.domeniowines.com\/#website"},"primaryImageOfPage":{"@id":"https:\/\/botiga.domeniowines.com\/producto\/capac-brut-nature-reserva-cava-solidari\/#primaryimage"},"image":{"@id":"https:\/\/botiga.domeniowines.com\/producto\/capac-brut-nature-reserva-cava-solidari\/#primaryimage"},"thumbnailUrl":"https:\/\/botiga.domeniowines.com\/wp-content\/uploads\/2025\/12\/20250619_TresNaus_Rosat-2.png","datePublished":"2025-12-02T10:05:44+00:00","dateModified":"2025-12-02T12:36:35+00:00","breadcrumb":{"@id":"https:\/\/botiga.domeniowines.com\/producto\/capac-brut-nature-reserva-cava-solidari\/#breadcrumb"},"inLanguage":"es","potentialAction":[{"@type":"ReadAction","target":["https:\/\/botiga.domeniowines.com\/producto\/capac-brut-nature-reserva-cava-solidari\/"]}]},{"@type":"ImageObject","inLanguage":"es","@id":"https:\/\/botiga.domeniowines.com\/producto\/capac-brut-nature-reserva-cava-solidari\/#primaryimage","url":"https:\/\/botiga.domeniowines.com\/wp-content\/uploads\/2025\/12\/20250619_TresNaus_Rosat-2.png","contentUrl":"https:\/\/botiga.domeniowines.com\/wp-content\/uploads\/2025\/12\/20250619_TresNaus_Rosat-2.png","width":700,"height":1201},{"@type":"BreadcrumbList","@id":"https:\/\/botiga.domeniowines.com\/producto\/capac-brut-nature-reserva-cava-solidari\/#breadcrumb","itemListElement":[{"@type":"ListItem","position":1,"name":"Inici","item":"https:\/\/botiga.domeniowines.com\/es\/"},{"@type":"ListItem","position":2,"name":"Botiga","item":"https:\/\/botiga.domeniowines.com\/es\/tienda-online\/"},{"@type":"ListItem","position":3,"name":"CAPA\u00c7 BRUT NATURE RESERVA. Cava solidario"}]},{"@type":"WebSite","@id":"https:\/\/botiga.domeniowines.com\/#website","url":"https:\/\/botiga.domeniowines.com\/","name":"Botiga Domeniowines","description":"","potentialAction":[{"@type":"SearchAction","target":{"@type":"EntryPoint","urlTemplate":"https:\/\/botiga.domeniowines.com\/?s={search_term_string}"},"query-input":{"@type":"PropertyValueSpecification","valueRequired":true,"valueName":"search_term_string"}}],"inLanguage":"es"}]}},"_links":{"self":[{"href":"https:\/\/botiga.domeniowines.com\/es\/wp-json\/wp\/v2\/product\/18202","targetHints":{"allow":["GET"]}}],"collection":[{"href":"https:\/\/botiga.domeniowines.com\/es\/wp-json\/wp\/v2\/product"}],"about":[{"href":"https:\/\/botiga.domeniowines.com\/es\/wp-json\/wp\/v2\/types\/product"}],"replies":[{"embeddable":true,"href":"https:\/\/botiga.domeniowines.com\/es\/wp-json\/wp\/v2\/comments?post=18202"}],"version-history":[{"count":6,"href":"https:\/\/botiga.domeniowines.com\/es\/wp-json\/wp\/v2\/product\/18202\/revisions"}],"predecessor-version":[{"id":18228,"href":"https:\/\/botiga.domeniowines.com\/es\/wp-json\/wp\/v2\/product\/18202\/revisions\/18228"}],"wp:featuredmedia":[{"embeddable":true,"href":"https:\/\/botiga.domeniowines.com\/es\/wp-json\/wp\/v2\/media\/18206"}],"wp:attachment":[{"href":"https:\/\/botiga.domeniowines.com\/es\/wp-json\/wp\/v2\/media?parent=18202"}],"wp:term":[{"taxonomy":"product_cat","embeddable":true,"href":"https:\/\/botiga.domeniowines.com\/es\/wp-json\/wp\/v2\/product_cat?post=18202"},{"taxonomy":"product_tag","embeddable":true,"href":"https:\/\/botiga.domeniowines.com\/es\/wp-json\/wp\/v2\/product_tag?post=18202"}],"curies":[{"name":"wp","href":"https:\/\/api.w.org\/{rel}","templated":true}]}}