{"id":16495,"date":"2024-01-10T12:56:58","date_gmt":"2024-01-10T11:56:58","guid":{"rendered":"https:\/\/botiga.domeniowines.com\/producto\/tres-naus-brut-rosat\/"},"modified":"2025-10-29T18:28:26","modified_gmt":"2025-10-29T17:28:26","slug":"tres-naus-brut-rosado","status":"publish","type":"product","link":"https:\/\/botiga.domeniowines.com\/es\/producto\/tres-naus-brut-rosado\/","title":{"rendered":"TRES NAUS BRUT ROSADO"},"content":{"rendered":"\t\t<div data-elementor-type=\"wp-post\" data-elementor-id=\"16495\" class=\"elementor elementor-16495 elementor-15871\" data-elementor-post-type=\"product\">\n\t\t\t\t<div class=\"wd-negative-gap elementor-element elementor-element-a6c68b3 e-flex e-con-boxed e-con e-parent\" data-id=\"a6c68b3\" data-element_type=\"container\">\n\t\t\t\t\t<div class=\"e-con-inner\">\n\t\t\t\t<div class=\"elementor-element elementor-element-f5529d2 color-scheme-inherit text-left elementor-widget elementor-widget-text-editor\" data-id=\"f5529d2\" data-element_type=\"widget\" data-widget_type=\"text-editor.default\">\n\t\t\t\t<div class=\"elementor-widget-container\">\n\t\t\t\t\t\t\t<p>M\u00e9todo tradicional con crianza de entre 12 y 18 meses. Trepat. D.O. CAVA<br \/>\nFino y delicado, de notas sutiles a frutos rojos y flores, paso por boca elegante y complejo. \u00a1No deja indiferente a nadie!<\/p>\n\t\t\t\t\t\t<\/div>\n\t\t\t\t<\/div>\n\t\t\t\t\t<\/div>\n\t\t\t\t<\/div>\n\t\t\t\t<\/div>\n\t\t","protected":false},"excerpt":{"rendered":"<div id=\"product-description-short-6\">\n<p>M\u00e9todo tradicional con crianza de entre 12 y 18 meses. Trepat. D.O. CAVA<br \/>\nFino y delicado, de notas sutiles a frutos rojos y flores, paso por boca elegante y complejo. \u00a1No deja indiferente a nadie!<\/p>\n<\/div>\n<p>MEDALLA GRAN ORO en los Premios Girovi 2025, MEDALLA DE ORO a los Premios Vinari 2024, MEDALLA DE ORO en los Premios Vinari 2023, MEDALLA DE ORO en el Barcelona Ros\u00e9 International Bubbles de Vinari 2024, MEJOR CAVA RELACI\u00d3N CALIDAD-PRECIO seg\u00fan La Guia de Vinos 2024 de La Vanguardia,\u00a0 MEDALLA DE BRONCE en los Premios Decanter World Wine 2024 y 2025 y 9,58 puntos en la Gu\u00eda de los Vinos de Catalunya 2025.<\/p>\n","protected":false},"featured_media":18112,"comment_status":"closed","ping_status":"closed","template":"","meta":{"_monsterinsights_skip_tracking":false,"_monsterinsights_sitenote_active":false,"_monsterinsights_sitenote_note":"","_monsterinsights_sitenote_category":0},"product_cat":[111,112],"product_tag":[102],"class_list":{"0":"post-16495","1":"product","2":"type-product","3":"status-publish","4":"has-post-thumbnail","6":"product_cat-cava-es","7":"product_cat-rosat-cava-es","8":"product_tag-ampolla-es","10":"first","11":"instock","12":"taxable","13":"shipping-taxable","14":"purchasable","15":"product-type-simple"},"yoast_head":"<!-- This site is optimized with the Yoast SEO plugin v25.5 - https:\/\/yoast.com\/wordpress\/plugins\/seo\/ -->\n<title>TRES NAUS BRUT ROSADO - Botiga Domeniowines<\/title>\n<meta name=\"robots\" content=\"index, follow, max-snippet:-1, max-image-preview:large, max-video-preview:-1\" \/>\n<link rel=\"canonical\" href=\"https:\/\/botiga.domeniowines.com\/producto\/tres-naus-brut-rosat\/\" \/>\n<meta property=\"og:locale\" content=\"es_ES\" \/>\n<meta property=\"og:type\" content=\"article\" \/>\n<meta property=\"og:title\" content=\"TRES NAUS BRUT ROSADO - Botiga Domeniowines\" \/>\n<meta property=\"og:description\" content=\"M\u00e9todo tradicional con crianza de entre 12 y 18 meses. Trepat. D.O. CAVA Fino y delicado, de notas sutiles a frutos rojos y flores, paso por boca elegante y complejo. \u00a1No deja indiferente a nadie!   MEDALLA GRAN ORO en los Premios Girovi 2025, MEDALLA DE ORO a los Premios Vinari 2024, MEDALLA DE ORO en los Premios Vinari 2023, MEDALLA DE ORO en el Barcelona Ros\u00e9 International Bubbles de Vinari 2024, MEJOR CAVA RELACI\u00d3N CALIDAD-PRECIO seg\u00fan La Guia de Vinos 2024 de La Vanguardia,\u00a0 MEDALLA DE BRONCE en los Premios Decanter World Wine 2024 y 2025 y 9,58 puntos en la Gu\u00eda de los Vinos de Catalunya 2025.\" \/>\n<meta property=\"og:url\" content=\"https:\/\/botiga.domeniowines.com\/producto\/tres-naus-brut-rosat\/\" \/>\n<meta property=\"og:site_name\" content=\"Botiga Domeniowines\" \/>\n<meta property=\"article:modified_time\" content=\"2025-10-29T17:28:26+00:00\" \/>\n<meta property=\"og:image\" content=\"https:\/\/botiga.domeniowines.com\/wp-content\/uploads\/2024\/01\/20250619_TresNaus_Rosat-1.png\" \/>\n\t<meta property=\"og:image:width\" content=\"700\" \/>\n\t<meta property=\"og:image:height\" content=\"1201\" \/>\n\t<meta property=\"og:image:type\" content=\"image\/png\" \/>\n<meta name=\"twitter:card\" content=\"summary_large_image\" \/>\n<meta name=\"twitter:label1\" content=\"Tiempo de lectura\" \/>\n\t<meta name=\"twitter:data1\" content=\"1 minuto\" \/>\n<script type=\"application\/ld+json\" class=\"yoast-schema-graph\">{\"@context\":\"https:\/\/schema.org\",\"@graph\":[{\"@type\":\"WebPage\",\"@id\":\"https:\/\/botiga.domeniowines.com\/producto\/tres-naus-brut-rosat\/\",\"url\":\"https:\/\/botiga.domeniowines.com\/producto\/tres-naus-brut-rosat\/\",\"name\":\"TRES NAUS BRUT ROSADO - Botiga Domeniowines\",\"isPartOf\":{\"@id\":\"https:\/\/botiga.domeniowines.com\/#website\"},\"primaryImageOfPage\":{\"@id\":\"https:\/\/botiga.domeniowines.com\/producto\/tres-naus-brut-rosat\/#primaryimage\"},\"image\":{\"@id\":\"https:\/\/botiga.domeniowines.com\/producto\/tres-naus-brut-rosat\/#primaryimage\"},\"thumbnailUrl\":\"https:\/\/botiga.domeniowines.com\/wp-content\/uploads\/2024\/01\/20250619_TresNaus_Rosat-1.png\",\"datePublished\":\"2024-01-10T11:56:58+00:00\",\"dateModified\":\"2025-10-29T17:28:26+00:00\",\"breadcrumb\":{\"@id\":\"https:\/\/botiga.domeniowines.com\/producto\/tres-naus-brut-rosat\/#breadcrumb\"},\"inLanguage\":\"es\",\"potentialAction\":[{\"@type\":\"ReadAction\",\"target\":[\"https:\/\/botiga.domeniowines.com\/producto\/tres-naus-brut-rosat\/\"]}]},{\"@type\":\"ImageObject\",\"inLanguage\":\"es\",\"@id\":\"https:\/\/botiga.domeniowines.com\/producto\/tres-naus-brut-rosat\/#primaryimage\",\"url\":\"https:\/\/botiga.domeniowines.com\/wp-content\/uploads\/2024\/01\/20250619_TresNaus_Rosat-1.png\",\"contentUrl\":\"https:\/\/botiga.domeniowines.com\/wp-content\/uploads\/2024\/01\/20250619_TresNaus_Rosat-1.png\",\"width\":700,\"height\":1201},{\"@type\":\"BreadcrumbList\",\"@id\":\"https:\/\/botiga.domeniowines.com\/producto\/tres-naus-brut-rosat\/#breadcrumb\",\"itemListElement\":[{\"@type\":\"ListItem\",\"position\":1,\"name\":\"Inici\",\"item\":\"https:\/\/botiga.domeniowines.com\/es\/\"},{\"@type\":\"ListItem\",\"position\":2,\"name\":\"Botiga\",\"item\":\"https:\/\/botiga.domeniowines.com\/es\/tienda-online\/\"},{\"@type\":\"ListItem\",\"position\":3,\"name\":\"TRES NAUS BRUT ROSADO\"}]},{\"@type\":\"WebSite\",\"@id\":\"https:\/\/botiga.domeniowines.com\/#website\",\"url\":\"https:\/\/botiga.domeniowines.com\/\",\"name\":\"Botiga Domeniowines\",\"description\":\"\",\"potentialAction\":[{\"@type\":\"SearchAction\",\"target\":{\"@type\":\"EntryPoint\",\"urlTemplate\":\"https:\/\/botiga.domeniowines.com\/?s={search_term_string}\"},\"query-input\":{\"@type\":\"PropertyValueSpecification\",\"valueRequired\":true,\"valueName\":\"search_term_string\"}}],\"inLanguage\":\"es\"}]}<\/script>\n<!-- \/ Yoast SEO plugin. -->","yoast_head_json":{"title":"TRES NAUS BRUT ROSADO - Botiga Domeniowines","robots":{"index":"index","follow":"follow","max-snippet":"max-snippet:-1","max-image-preview":"max-image-preview:large","max-video-preview":"max-video-preview:-1"},"canonical":"https:\/\/botiga.domeniowines.com\/producto\/tres-naus-brut-rosat\/","og_locale":"es_ES","og_type":"article","og_title":"TRES NAUS BRUT ROSADO - Botiga Domeniowines","og_description":"M\u00e9todo tradicional con crianza de entre 12 y 18 meses. Trepat. D.O. CAVA Fino y delicado, de notas sutiles a frutos rojos y flores, paso por boca elegante y complejo. \u00a1No deja indiferente a nadie!   MEDALLA GRAN ORO en los Premios Girovi 2025, MEDALLA DE ORO a los Premios Vinari 2024, MEDALLA DE ORO en los Premios Vinari 2023, MEDALLA DE ORO en el Barcelona Ros\u00e9 International Bubbles de Vinari 2024, MEJOR CAVA RELACI\u00d3N CALIDAD-PRECIO seg\u00fan La Guia de Vinos 2024 de La Vanguardia,\u00a0 MEDALLA DE BRONCE en los Premios Decanter World Wine 2024 y 2025 y 9,58 puntos en la Gu\u00eda de los Vinos de Catalunya 2025.","og_url":"https:\/\/botiga.domeniowines.com\/producto\/tres-naus-brut-rosat\/","og_site_name":"Botiga Domeniowines","article_modified_time":"2025-10-29T17:28:26+00:00","og_image":[{"width":700,"height":1201,"url":"https:\/\/botiga.domeniowines.com\/wp-content\/uploads\/2024\/01\/20250619_TresNaus_Rosat-1.png","type":"image\/png"}],"twitter_card":"summary_large_image","twitter_misc":{"Tiempo de lectura":"1 minuto"},"schema":{"@context":"https:\/\/schema.org","@graph":[{"@type":"WebPage","@id":"https:\/\/botiga.domeniowines.com\/producto\/tres-naus-brut-rosat\/","url":"https:\/\/botiga.domeniowines.com\/producto\/tres-naus-brut-rosat\/","name":"TRES NAUS BRUT ROSADO - Botiga Domeniowines","isPartOf":{"@id":"https:\/\/botiga.domeniowines.com\/#website"},"primaryImageOfPage":{"@id":"https:\/\/botiga.domeniowines.com\/producto\/tres-naus-brut-rosat\/#primaryimage"},"image":{"@id":"https:\/\/botiga.domeniowines.com\/producto\/tres-naus-brut-rosat\/#primaryimage"},"thumbnailUrl":"https:\/\/botiga.domeniowines.com\/wp-content\/uploads\/2024\/01\/20250619_TresNaus_Rosat-1.png","datePublished":"2024-01-10T11:56:58+00:00","dateModified":"2025-10-29T17:28:26+00:00","breadcrumb":{"@id":"https:\/\/botiga.domeniowines.com\/producto\/tres-naus-brut-rosat\/#breadcrumb"},"inLanguage":"es","potentialAction":[{"@type":"ReadAction","target":["https:\/\/botiga.domeniowines.com\/producto\/tres-naus-brut-rosat\/"]}]},{"@type":"ImageObject","inLanguage":"es","@id":"https:\/\/botiga.domeniowines.com\/producto\/tres-naus-brut-rosat\/#primaryimage","url":"https:\/\/botiga.domeniowines.com\/wp-content\/uploads\/2024\/01\/20250619_TresNaus_Rosat-1.png","contentUrl":"https:\/\/botiga.domeniowines.com\/wp-content\/uploads\/2024\/01\/20250619_TresNaus_Rosat-1.png","width":700,"height":1201},{"@type":"BreadcrumbList","@id":"https:\/\/botiga.domeniowines.com\/producto\/tres-naus-brut-rosat\/#breadcrumb","itemListElement":[{"@type":"ListItem","position":1,"name":"Inici","item":"https:\/\/botiga.domeniowines.com\/es\/"},{"@type":"ListItem","position":2,"name":"Botiga","item":"https:\/\/botiga.domeniowines.com\/es\/tienda-online\/"},{"@type":"ListItem","position":3,"name":"TRES NAUS BRUT ROSADO"}]},{"@type":"WebSite","@id":"https:\/\/botiga.domeniowines.com\/#website","url":"https:\/\/botiga.domeniowines.com\/","name":"Botiga Domeniowines","description":"","potentialAction":[{"@type":"SearchAction","target":{"@type":"EntryPoint","urlTemplate":"https:\/\/botiga.domeniowines.com\/?s={search_term_string}"},"query-input":{"@type":"PropertyValueSpecification","valueRequired":true,"valueName":"search_term_string"}}],"inLanguage":"es"}]}},"_links":{"self":[{"href":"https:\/\/botiga.domeniowines.com\/es\/wp-json\/wp\/v2\/product\/16495","targetHints":{"allow":["GET"]}}],"collection":[{"href":"https:\/\/botiga.domeniowines.com\/es\/wp-json\/wp\/v2\/product"}],"about":[{"href":"https:\/\/botiga.domeniowines.com\/es\/wp-json\/wp\/v2\/types\/product"}],"replies":[{"embeddable":true,"href":"https:\/\/botiga.domeniowines.com\/es\/wp-json\/wp\/v2\/comments?post=16495"}],"version-history":[{"count":17,"href":"https:\/\/botiga.domeniowines.com\/es\/wp-json\/wp\/v2\/product\/16495\/revisions"}],"predecessor-version":[{"id":18147,"href":"https:\/\/botiga.domeniowines.com\/es\/wp-json\/wp\/v2\/product\/16495\/revisions\/18147"}],"wp:featuredmedia":[{"embeddable":true,"href":"https:\/\/botiga.domeniowines.com\/es\/wp-json\/wp\/v2\/media\/18112"}],"wp:attachment":[{"href":"https:\/\/botiga.domeniowines.com\/es\/wp-json\/wp\/v2\/media?parent=16495"}],"wp:term":[{"taxonomy":"product_cat","embeddable":true,"href":"https:\/\/botiga.domeniowines.com\/es\/wp-json\/wp\/v2\/product_cat?post=16495"},{"taxonomy":"product_tag","embeddable":true,"href":"https:\/\/botiga.domeniowines.com\/es\/wp-json\/wp\/v2\/product_tag?post=16495"}],"curies":[{"name":"wp","href":"https:\/\/api.w.org\/{rel}","templated":true}]}}