{"id":16490,"date":"2024-01-10T13:24:46","date_gmt":"2024-01-10T12:24:46","guid":{"rendered":"https:\/\/botiga.domeniowines.com\/producto\/dommut-vermut-classic-bag-in-box-3-lt\/"},"modified":"2024-02-02T09:11:06","modified_gmt":"2024-02-02T08:11:06","slug":"dommut-vermut-clasico-bag-in-box-3-lt","status":"publish","type":"product","link":"https:\/\/botiga.domeniowines.com\/es\/producto\/dommut-vermut-clasico-bag-in-box-3-lt\/","title":{"rendered":"DOMMUT VERMUT CL\u00c1SICO (BAG-IN-BOX 3 LT)"},"content":{"rendered":"\t\t<div data-elementor-type=\"wp-post\" data-elementor-id=\"16490\" class=\"elementor elementor-16490 elementor-15898\" data-elementor-post-type=\"product\">\n\t\t\t\t<div class=\"wd-negative-gap elementor-element elementor-element-98ee5e4 e-flex e-con-boxed e-con e-parent\" data-id=\"98ee5e4\" data-element_type=\"container\">\n\t\t\t\t\t<div class=\"e-con-inner\">\n\t\t\t\t<div class=\"elementor-element elementor-element-c716792 color-scheme-inherit text-left elementor-widget elementor-widget-text-editor\" data-id=\"c716792\" data-element_type=\"widget\" data-widget_type=\"text-editor.default\">\n\t\t\t\t<div class=\"elementor-widget-container\">\n\t\t\t\t\t\t\t<p>Hecho con nuestra f\u00f3rmula tradicional de d\u00e9cadas. Entre nuestras variedades y m\u00e1s de 40 hierbas arom\u00e1ticas y especias.<br \/>\u00a1Aconsejamos servirlo bien fr\u00edo!<\/p>\t\t\t\t\t\t<\/div>\n\t\t\t\t<\/div>\n\t\t\t\t\t<\/div>\n\t\t\t\t<\/div>\n\t\t\t\t<\/div>\n\t\t","protected":false},"excerpt":{"rendered":"<div id=\"product-description-short-6\">\n<p>Hecho con nuestra f\u00f3rmula tradicional de d\u00e9cadas. Entre nuestras variedades y m\u00e1s de 40 hierbas arom\u00e1ticas y especias.<br \/>\n\u00a1Aconsejamos servirlo bien fr\u00edo!<\/p>\n<\/div>\n","protected":false},"featured_media":16815,"comment_status":"closed","ping_status":"closed","template":"","meta":{"_monsterinsights_skip_tracking":false,"_monsterinsights_sitenote_active":false,"_monsterinsights_sitenote_note":"","_monsterinsights_sitenote_category":0},"product_cat":[106,107],"product_tag":[],"class_list":{"0":"post-16490","1":"product","2":"type-product","3":"status-publish","4":"has-post-thumbnail","6":"product_cat-vermut-es","7":"product_cat-bag-in-box-vermut-es","9":"first","10":"instock","11":"taxable","12":"shipping-taxable","13":"purchasable","14":"product-type-simple"},"yoast_head":"<!-- This site is optimized with the Yoast SEO plugin v25.5 - https:\/\/yoast.com\/wordpress\/plugins\/seo\/ -->\n<title>DOMMUT VERMUT CL\u00c1SICO (BAG-IN-BOX 3 LT) - Botiga Domeniowines<\/title>\n<meta name=\"robots\" content=\"index, follow, max-snippet:-1, max-image-preview:large, max-video-preview:-1\" \/>\n<link rel=\"canonical\" href=\"https:\/\/botiga.domeniowines.com\/es\/producto\/dommut-vermut-clasico-bag-in-box-3-lt\/\" \/>\n<meta property=\"og:locale\" content=\"es_ES\" \/>\n<meta property=\"og:type\" content=\"article\" \/>\n<meta property=\"og:title\" content=\"DOMMUT VERMUT CL\u00c1SICO (BAG-IN-BOX 3 LT) - Botiga Domeniowines\" \/>\n<meta property=\"og:description\" content=\"Hecho con nuestra f\u00f3rmula tradicional de d\u00e9cadas. Entre nuestras variedades y m\u00e1s de 40 hierbas arom\u00e1ticas y especias. \u00a1Aconsejamos servirlo bien fr\u00edo!\" \/>\n<meta property=\"og:url\" content=\"https:\/\/botiga.domeniowines.com\/es\/producto\/dommut-vermut-clasico-bag-in-box-3-lt\/\" \/>\n<meta property=\"og:site_name\" content=\"Botiga Domeniowines\" \/>\n<meta property=\"article:modified_time\" content=\"2024-02-02T08:11:06+00:00\" \/>\n<meta property=\"og:image\" content=\"https:\/\/botiga.domeniowines.com\/wp-content\/uploads\/2024\/01\/Dommut-BIB_Vermut.jpg\" \/>\n\t<meta property=\"og:image:width\" content=\"845\" \/>\n\t<meta property=\"og:image:height\" content=\"1449\" \/>\n\t<meta property=\"og:image:type\" content=\"image\/jpeg\" \/>\n<meta name=\"twitter:card\" content=\"summary_large_image\" \/>\n<script type=\"application\/ld+json\" class=\"yoast-schema-graph\">{\"@context\":\"https:\/\/schema.org\",\"@graph\":[{\"@type\":\"WebPage\",\"@id\":\"https:\/\/botiga.domeniowines.com\/es\/producto\/dommut-vermut-clasico-bag-in-box-3-lt\/\",\"url\":\"https:\/\/botiga.domeniowines.com\/es\/producto\/dommut-vermut-clasico-bag-in-box-3-lt\/\",\"name\":\"DOMMUT VERMUT CL\u00c1SICO (BAG-IN-BOX 3 LT) - Botiga Domeniowines\",\"isPartOf\":{\"@id\":\"https:\/\/botiga.domeniowines.com\/#website\"},\"primaryImageOfPage\":{\"@id\":\"https:\/\/botiga.domeniowines.com\/es\/producto\/dommut-vermut-clasico-bag-in-box-3-lt\/#primaryimage\"},\"image\":{\"@id\":\"https:\/\/botiga.domeniowines.com\/es\/producto\/dommut-vermut-clasico-bag-in-box-3-lt\/#primaryimage\"},\"thumbnailUrl\":\"https:\/\/botiga.domeniowines.com\/wp-content\/uploads\/2024\/01\/Dommut-BIB_Vermut.jpg\",\"datePublished\":\"2024-01-10T12:24:46+00:00\",\"dateModified\":\"2024-02-02T08:11:06+00:00\",\"breadcrumb\":{\"@id\":\"https:\/\/botiga.domeniowines.com\/es\/producto\/dommut-vermut-clasico-bag-in-box-3-lt\/#breadcrumb\"},\"inLanguage\":\"es\",\"potentialAction\":[{\"@type\":\"ReadAction\",\"target\":[\"https:\/\/botiga.domeniowines.com\/es\/producto\/dommut-vermut-clasico-bag-in-box-3-lt\/\"]}]},{\"@type\":\"ImageObject\",\"inLanguage\":\"es\",\"@id\":\"https:\/\/botiga.domeniowines.com\/es\/producto\/dommut-vermut-clasico-bag-in-box-3-lt\/#primaryimage\",\"url\":\"https:\/\/botiga.domeniowines.com\/wp-content\/uploads\/2024\/01\/Dommut-BIB_Vermut.jpg\",\"contentUrl\":\"https:\/\/botiga.domeniowines.com\/wp-content\/uploads\/2024\/01\/Dommut-BIB_Vermut.jpg\",\"width\":845,\"height\":1449},{\"@type\":\"BreadcrumbList\",\"@id\":\"https:\/\/botiga.domeniowines.com\/es\/producto\/dommut-vermut-clasico-bag-in-box-3-lt\/#breadcrumb\",\"itemListElement\":[{\"@type\":\"ListItem\",\"position\":1,\"name\":\"Inici\",\"item\":\"https:\/\/botiga.domeniowines.com\/es\/\"},{\"@type\":\"ListItem\",\"position\":2,\"name\":\"Botiga\",\"item\":\"https:\/\/botiga.domeniowines.com\/es\/tienda-online\/\"},{\"@type\":\"ListItem\",\"position\":3,\"name\":\"DOMMUT VERMUT CL\u00c1SICO (BAG-IN-BOX 3 LT)\"}]},{\"@type\":\"WebSite\",\"@id\":\"https:\/\/botiga.domeniowines.com\/#website\",\"url\":\"https:\/\/botiga.domeniowines.com\/\",\"name\":\"Botiga Domeniowines\",\"description\":\"\",\"potentialAction\":[{\"@type\":\"SearchAction\",\"target\":{\"@type\":\"EntryPoint\",\"urlTemplate\":\"https:\/\/botiga.domeniowines.com\/?s={search_term_string}\"},\"query-input\":{\"@type\":\"PropertyValueSpecification\",\"valueRequired\":true,\"valueName\":\"search_term_string\"}}],\"inLanguage\":\"es\"}]}<\/script>\n<!-- \/ Yoast SEO plugin. -->","yoast_head_json":{"title":"DOMMUT VERMUT CL\u00c1SICO (BAG-IN-BOX 3 LT) - Botiga Domeniowines","robots":{"index":"index","follow":"follow","max-snippet":"max-snippet:-1","max-image-preview":"max-image-preview:large","max-video-preview":"max-video-preview:-1"},"canonical":"https:\/\/botiga.domeniowines.com\/es\/producto\/dommut-vermut-clasico-bag-in-box-3-lt\/","og_locale":"es_ES","og_type":"article","og_title":"DOMMUT VERMUT CL\u00c1SICO (BAG-IN-BOX 3 LT) - Botiga Domeniowines","og_description":"Hecho con nuestra f\u00f3rmula tradicional de d\u00e9cadas. Entre nuestras variedades y m\u00e1s de 40 hierbas arom\u00e1ticas y especias. \u00a1Aconsejamos servirlo bien fr\u00edo!","og_url":"https:\/\/botiga.domeniowines.com\/es\/producto\/dommut-vermut-clasico-bag-in-box-3-lt\/","og_site_name":"Botiga Domeniowines","article_modified_time":"2024-02-02T08:11:06+00:00","og_image":[{"width":845,"height":1449,"url":"https:\/\/botiga.domeniowines.com\/wp-content\/uploads\/2024\/01\/Dommut-BIB_Vermut.jpg","type":"image\/jpeg"}],"twitter_card":"summary_large_image","schema":{"@context":"https:\/\/schema.org","@graph":[{"@type":"WebPage","@id":"https:\/\/botiga.domeniowines.com\/es\/producto\/dommut-vermut-clasico-bag-in-box-3-lt\/","url":"https:\/\/botiga.domeniowines.com\/es\/producto\/dommut-vermut-clasico-bag-in-box-3-lt\/","name":"DOMMUT VERMUT CL\u00c1SICO (BAG-IN-BOX 3 LT) - Botiga Domeniowines","isPartOf":{"@id":"https:\/\/botiga.domeniowines.com\/#website"},"primaryImageOfPage":{"@id":"https:\/\/botiga.domeniowines.com\/es\/producto\/dommut-vermut-clasico-bag-in-box-3-lt\/#primaryimage"},"image":{"@id":"https:\/\/botiga.domeniowines.com\/es\/producto\/dommut-vermut-clasico-bag-in-box-3-lt\/#primaryimage"},"thumbnailUrl":"https:\/\/botiga.domeniowines.com\/wp-content\/uploads\/2024\/01\/Dommut-BIB_Vermut.jpg","datePublished":"2024-01-10T12:24:46+00:00","dateModified":"2024-02-02T08:11:06+00:00","breadcrumb":{"@id":"https:\/\/botiga.domeniowines.com\/es\/producto\/dommut-vermut-clasico-bag-in-box-3-lt\/#breadcrumb"},"inLanguage":"es","potentialAction":[{"@type":"ReadAction","target":["https:\/\/botiga.domeniowines.com\/es\/producto\/dommut-vermut-clasico-bag-in-box-3-lt\/"]}]},{"@type":"ImageObject","inLanguage":"es","@id":"https:\/\/botiga.domeniowines.com\/es\/producto\/dommut-vermut-clasico-bag-in-box-3-lt\/#primaryimage","url":"https:\/\/botiga.domeniowines.com\/wp-content\/uploads\/2024\/01\/Dommut-BIB_Vermut.jpg","contentUrl":"https:\/\/botiga.domeniowines.com\/wp-content\/uploads\/2024\/01\/Dommut-BIB_Vermut.jpg","width":845,"height":1449},{"@type":"BreadcrumbList","@id":"https:\/\/botiga.domeniowines.com\/es\/producto\/dommut-vermut-clasico-bag-in-box-3-lt\/#breadcrumb","itemListElement":[{"@type":"ListItem","position":1,"name":"Inici","item":"https:\/\/botiga.domeniowines.com\/es\/"},{"@type":"ListItem","position":2,"name":"Botiga","item":"https:\/\/botiga.domeniowines.com\/es\/tienda-online\/"},{"@type":"ListItem","position":3,"name":"DOMMUT VERMUT CL\u00c1SICO (BAG-IN-BOX 3 LT)"}]},{"@type":"WebSite","@id":"https:\/\/botiga.domeniowines.com\/#website","url":"https:\/\/botiga.domeniowines.com\/","name":"Botiga Domeniowines","description":"","potentialAction":[{"@type":"SearchAction","target":{"@type":"EntryPoint","urlTemplate":"https:\/\/botiga.domeniowines.com\/?s={search_term_string}"},"query-input":{"@type":"PropertyValueSpecification","valueRequired":true,"valueName":"search_term_string"}}],"inLanguage":"es"}]}},"_links":{"self":[{"href":"https:\/\/botiga.domeniowines.com\/es\/wp-json\/wp\/v2\/product\/16490","targetHints":{"allow":["GET"]}}],"collection":[{"href":"https:\/\/botiga.domeniowines.com\/es\/wp-json\/wp\/v2\/product"}],"about":[{"href":"https:\/\/botiga.domeniowines.com\/es\/wp-json\/wp\/v2\/types\/product"}],"replies":[{"embeddable":true,"href":"https:\/\/botiga.domeniowines.com\/es\/wp-json\/wp\/v2\/comments?post=16490"}],"version-history":[{"count":4,"href":"https:\/\/botiga.domeniowines.com\/es\/wp-json\/wp\/v2\/product\/16490\/revisions"}],"predecessor-version":[{"id":16683,"href":"https:\/\/botiga.domeniowines.com\/es\/wp-json\/wp\/v2\/product\/16490\/revisions\/16683"}],"wp:featuredmedia":[{"embeddable":true,"href":"https:\/\/botiga.domeniowines.com\/es\/wp-json\/wp\/v2\/media\/16815"}],"wp:attachment":[{"href":"https:\/\/botiga.domeniowines.com\/es\/wp-json\/wp\/v2\/media?parent=16490"}],"wp:term":[{"taxonomy":"product_cat","embeddable":true,"href":"https:\/\/botiga.domeniowines.com\/es\/wp-json\/wp\/v2\/product_cat?post=16490"},{"taxonomy":"product_tag","embeddable":true,"href":"https:\/\/botiga.domeniowines.com\/es\/wp-json\/wp\/v2\/product_tag?post=16490"}],"curies":[{"name":"wp","href":"https:\/\/api.w.org\/{rel}","templated":true}]}}