{"id":16485,"date":"2024-01-31T15:50:56","date_gmt":"2024-01-31T14:50:56","guid":{"rendered":"https:\/\/botiga.domeniowines.com\/producto\/anima-xarel%c2%b7lo\/"},"modified":"2025-10-29T18:27:56","modified_gmt":"2025-10-29T17:27:56","slug":"anima-nua-cor-viu-xarel%c2%b7lo","status":"publish","type":"product","link":"https:\/\/botiga.domeniowines.com\/es\/producto\/anima-nua-cor-viu-xarel%c2%b7lo\/","title":{"rendered":"\u00c0NIMA NUA COR VIU XAREL\u00b7LO"},"content":{"rendered":"\t\t<div data-elementor-type=\"wp-post\" data-elementor-id=\"16485\" class=\"elementor elementor-16485 elementor-16016\" data-elementor-post-type=\"product\">\n\t\t\t\t\t\t<section class=\"wd-negative-gap elementor-section elementor-top-section elementor-element elementor-element-ab4ab1d elementor-section-boxed elementor-section-height-default elementor-section-height-default\" data-id=\"ab4ab1d\" data-element_type=\"section\">\n\t\t\t\t\t\t<div class=\"elementor-container elementor-column-gap-default\">\n\t\t\t\t\t<div class=\"elementor-column elementor-col-100 elementor-top-column elementor-element elementor-element-55df336\" data-id=\"55df336\" data-element_type=\"column\">\n\t\t\t<div class=\"elementor-widget-wrap elementor-element-populated\">\n\t\t\t\t\t\t<div class=\"elementor-element elementor-element-f14d410 elementor-widget elementor-widget-wd_text_block\" data-id=\"f14d410\" data-element_type=\"widget\" data-widget_type=\"wd_text_block.default\">\n\t\t\t\t<div class=\"elementor-widget-container\">\n\t\t\t\t\t<div class=\"wd-text-block reset-last-child text-left\">\n\t\t\t\n\t\t\t<p>Cosecha 2023. Xarel\u00b7lo. D.O. PENED\u00c8S - ECOL\u00d3GICO<br>Fresco y envolvente, sedoso y diferente.<\/p>\n\t\t\t\t\t<\/div>\n\t\t\t\t<\/div>\n\t\t\t\t<\/div>\n\t\t\t\t\t<\/div>\n\t\t<\/div>\n\t\t\t\t\t<\/div>\n\t\t<\/section>\n\t\t\t\t<\/div>\n\t\t","protected":false},"excerpt":{"rendered":"<div id=\"product-description-short-6\">\n<p>Cosecha 2023. Xarel\u00b7lo. D.O. PENED\u00c8S &#8211; ECOL\u00d3GICO<br \/>\nFresco y envolvente, sedoso y diferente.<\/p>\n<\/div>\n<p>MEDALLA DE ORO al mejor Xarel\u00b7lo en el Concurso Tastavins D.O. Pened\u00e8s 2025, MEDALLA DE PLATA en los Premios Decanter World Wine 2025, MEDALLA DE BRONCE en los Premios Decanter World Wine 2024, 9,49 puntos en la Gu\u00eda de los Vinos de Catalunya 2025 y 90 puntos en la Gu\u00eda Pe\u00f1\u00edn.<\/p>\n","protected":false},"featured_media":18124,"comment_status":"closed","ping_status":"closed","template":"","meta":{"_monsterinsights_skip_tracking":false,"_monsterinsights_sitenote_active":false,"_monsterinsights_sitenote_note":"","_monsterinsights_sitenote_category":0},"product_cat":[101,99,100],"product_tag":[102],"class_list":{"0":"post-16485","1":"product","2":"type-product","3":"status-publish","4":"has-post-thumbnail","6":"product_cat-ecologics-es","7":"product_cat-vi-es","8":"product_cat-blanc-es","9":"product_tag-ampolla-es","11":"first","12":"instock","13":"taxable","14":"shipping-taxable","15":"purchasable","16":"product-type-simple"},"yoast_head":"<!-- This site is optimized with the Yoast SEO plugin v25.5 - https:\/\/yoast.com\/wordpress\/plugins\/seo\/ -->\n<title>\u00c0NIMA NUA COR VIU XAREL\u00b7LO - Botiga Domeniowines<\/title>\n<meta name=\"robots\" content=\"index, follow, max-snippet:-1, max-image-preview:large, max-video-preview:-1\" \/>\n<link rel=\"canonical\" href=\"https:\/\/botiga.domeniowines.com\/es\/producto\/anima-nua-cor-viu-xarel\u00b7lo\/\" \/>\n<meta property=\"og:locale\" content=\"es_ES\" \/>\n<meta property=\"og:type\" content=\"article\" \/>\n<meta property=\"og:title\" content=\"\u00c0NIMA NUA COR VIU XAREL\u00b7LO - Botiga Domeniowines\" \/>\n<meta property=\"og:description\" content=\"Cosecha 2023. Xarel\u00b7lo. D.O. PENED\u00c8S - ECOL\u00d3GICO Fresco y envolvente, sedoso y diferente.   MEDALLA DE ORO al mejor Xarel\u00b7lo en el Concurso Tastavins D.O. Pened\u00e8s 2025, MEDALLA DE PLATA en los Premios Decanter World Wine 2025, MEDALLA DE BRONCE en los Premios Decanter World Wine 2024, 9,49 puntos en la Gu\u00eda de los Vinos de Catalunya 2025 y 90 puntos en la Gu\u00eda Pe\u00f1\u00edn.\" \/>\n<meta property=\"og:url\" content=\"https:\/\/botiga.domeniowines.com\/es\/producto\/anima-nua-cor-viu-xarel\u00b7lo\/\" \/>\n<meta property=\"og:site_name\" content=\"Botiga Domeniowines\" \/>\n<meta property=\"article:modified_time\" content=\"2025-10-29T17:27:56+00:00\" \/>\n<meta property=\"og:image\" content=\"https:\/\/botiga.domeniowines.com\/wp-content\/uploads\/2024\/01\/20250619_AnimaNuaCorViuBlancPenedes-1.png\" \/>\n\t<meta property=\"og:image:width\" content=\"700\" \/>\n\t<meta property=\"og:image:height\" content=\"1201\" \/>\n\t<meta property=\"og:image:type\" content=\"image\/png\" \/>\n<meta name=\"twitter:card\" content=\"summary_large_image\" \/>\n<meta name=\"twitter:label1\" content=\"Tiempo de lectura\" \/>\n\t<meta name=\"twitter:data1\" content=\"1 minuto\" \/>\n<script type=\"application\/ld+json\" class=\"yoast-schema-graph\">{\"@context\":\"https:\/\/schema.org\",\"@graph\":[{\"@type\":\"WebPage\",\"@id\":\"https:\/\/botiga.domeniowines.com\/es\/producto\/anima-nua-cor-viu-xarel%c2%b7lo\/\",\"url\":\"https:\/\/botiga.domeniowines.com\/es\/producto\/anima-nua-cor-viu-xarel%c2%b7lo\/\",\"name\":\"\u00c0NIMA NUA COR VIU XAREL\u00b7LO - Botiga Domeniowines\",\"isPartOf\":{\"@id\":\"https:\/\/botiga.domeniowines.com\/#website\"},\"primaryImageOfPage\":{\"@id\":\"https:\/\/botiga.domeniowines.com\/es\/producto\/anima-nua-cor-viu-xarel%c2%b7lo\/#primaryimage\"},\"image\":{\"@id\":\"https:\/\/botiga.domeniowines.com\/es\/producto\/anima-nua-cor-viu-xarel%c2%b7lo\/#primaryimage\"},\"thumbnailUrl\":\"https:\/\/botiga.domeniowines.com\/wp-content\/uploads\/2024\/01\/20250619_AnimaNuaCorViuBlancPenedes-1.png\",\"datePublished\":\"2024-01-31T14:50:56+00:00\",\"dateModified\":\"2025-10-29T17:27:56+00:00\",\"breadcrumb\":{\"@id\":\"https:\/\/botiga.domeniowines.com\/es\/producto\/anima-nua-cor-viu-xarel%c2%b7lo\/#breadcrumb\"},\"inLanguage\":\"es\",\"potentialAction\":[{\"@type\":\"ReadAction\",\"target\":[\"https:\/\/botiga.domeniowines.com\/es\/producto\/anima-nua-cor-viu-xarel%c2%b7lo\/\"]}]},{\"@type\":\"ImageObject\",\"inLanguage\":\"es\",\"@id\":\"https:\/\/botiga.domeniowines.com\/es\/producto\/anima-nua-cor-viu-xarel%c2%b7lo\/#primaryimage\",\"url\":\"https:\/\/botiga.domeniowines.com\/wp-content\/uploads\/2024\/01\/20250619_AnimaNuaCorViuBlancPenedes-1.png\",\"contentUrl\":\"https:\/\/botiga.domeniowines.com\/wp-content\/uploads\/2024\/01\/20250619_AnimaNuaCorViuBlancPenedes-1.png\",\"width\":700,\"height\":1201},{\"@type\":\"BreadcrumbList\",\"@id\":\"https:\/\/botiga.domeniowines.com\/es\/producto\/anima-nua-cor-viu-xarel%c2%b7lo\/#breadcrumb\",\"itemListElement\":[{\"@type\":\"ListItem\",\"position\":1,\"name\":\"Inici\",\"item\":\"https:\/\/botiga.domeniowines.com\/es\/\"},{\"@type\":\"ListItem\",\"position\":2,\"name\":\"Botiga\",\"item\":\"https:\/\/botiga.domeniowines.com\/es\/tienda-online\/\"},{\"@type\":\"ListItem\",\"position\":3,\"name\":\"\u00c0NIMA NUA COR VIU XAREL\u00b7LO\"}]},{\"@type\":\"WebSite\",\"@id\":\"https:\/\/botiga.domeniowines.com\/#website\",\"url\":\"https:\/\/botiga.domeniowines.com\/\",\"name\":\"Botiga Domeniowines\",\"description\":\"\",\"potentialAction\":[{\"@type\":\"SearchAction\",\"target\":{\"@type\":\"EntryPoint\",\"urlTemplate\":\"https:\/\/botiga.domeniowines.com\/?s={search_term_string}\"},\"query-input\":{\"@type\":\"PropertyValueSpecification\",\"valueRequired\":true,\"valueName\":\"search_term_string\"}}],\"inLanguage\":\"es\"}]}<\/script>\n<!-- \/ Yoast SEO plugin. -->","yoast_head_json":{"title":"\u00c0NIMA NUA COR VIU XAREL\u00b7LO - Botiga Domeniowines","robots":{"index":"index","follow":"follow","max-snippet":"max-snippet:-1","max-image-preview":"max-image-preview:large","max-video-preview":"max-video-preview:-1"},"canonical":"https:\/\/botiga.domeniowines.com\/es\/producto\/anima-nua-cor-viu-xarel\u00b7lo\/","og_locale":"es_ES","og_type":"article","og_title":"\u00c0NIMA NUA COR VIU XAREL\u00b7LO - Botiga Domeniowines","og_description":"Cosecha 2023. Xarel\u00b7lo. D.O. PENED\u00c8S - ECOL\u00d3GICO Fresco y envolvente, sedoso y diferente.   MEDALLA DE ORO al mejor Xarel\u00b7lo en el Concurso Tastavins D.O. Pened\u00e8s 2025, MEDALLA DE PLATA en los Premios Decanter World Wine 2025, MEDALLA DE BRONCE en los Premios Decanter World Wine 2024, 9,49 puntos en la Gu\u00eda de los Vinos de Catalunya 2025 y 90 puntos en la Gu\u00eda Pe\u00f1\u00edn.","og_url":"https:\/\/botiga.domeniowines.com\/es\/producto\/anima-nua-cor-viu-xarel\u00b7lo\/","og_site_name":"Botiga Domeniowines","article_modified_time":"2025-10-29T17:27:56+00:00","og_image":[{"width":700,"height":1201,"url":"https:\/\/botiga.domeniowines.com\/wp-content\/uploads\/2024\/01\/20250619_AnimaNuaCorViuBlancPenedes-1.png","type":"image\/png"}],"twitter_card":"summary_large_image","twitter_misc":{"Tiempo de lectura":"1 minuto"},"schema":{"@context":"https:\/\/schema.org","@graph":[{"@type":"WebPage","@id":"https:\/\/botiga.domeniowines.com\/es\/producto\/anima-nua-cor-viu-xarel%c2%b7lo\/","url":"https:\/\/botiga.domeniowines.com\/es\/producto\/anima-nua-cor-viu-xarel%c2%b7lo\/","name":"\u00c0NIMA NUA COR VIU XAREL\u00b7LO - Botiga Domeniowines","isPartOf":{"@id":"https:\/\/botiga.domeniowines.com\/#website"},"primaryImageOfPage":{"@id":"https:\/\/botiga.domeniowines.com\/es\/producto\/anima-nua-cor-viu-xarel%c2%b7lo\/#primaryimage"},"image":{"@id":"https:\/\/botiga.domeniowines.com\/es\/producto\/anima-nua-cor-viu-xarel%c2%b7lo\/#primaryimage"},"thumbnailUrl":"https:\/\/botiga.domeniowines.com\/wp-content\/uploads\/2024\/01\/20250619_AnimaNuaCorViuBlancPenedes-1.png","datePublished":"2024-01-31T14:50:56+00:00","dateModified":"2025-10-29T17:27:56+00:00","breadcrumb":{"@id":"https:\/\/botiga.domeniowines.com\/es\/producto\/anima-nua-cor-viu-xarel%c2%b7lo\/#breadcrumb"},"inLanguage":"es","potentialAction":[{"@type":"ReadAction","target":["https:\/\/botiga.domeniowines.com\/es\/producto\/anima-nua-cor-viu-xarel%c2%b7lo\/"]}]},{"@type":"ImageObject","inLanguage":"es","@id":"https:\/\/botiga.domeniowines.com\/es\/producto\/anima-nua-cor-viu-xarel%c2%b7lo\/#primaryimage","url":"https:\/\/botiga.domeniowines.com\/wp-content\/uploads\/2024\/01\/20250619_AnimaNuaCorViuBlancPenedes-1.png","contentUrl":"https:\/\/botiga.domeniowines.com\/wp-content\/uploads\/2024\/01\/20250619_AnimaNuaCorViuBlancPenedes-1.png","width":700,"height":1201},{"@type":"BreadcrumbList","@id":"https:\/\/botiga.domeniowines.com\/es\/producto\/anima-nua-cor-viu-xarel%c2%b7lo\/#breadcrumb","itemListElement":[{"@type":"ListItem","position":1,"name":"Inici","item":"https:\/\/botiga.domeniowines.com\/es\/"},{"@type":"ListItem","position":2,"name":"Botiga","item":"https:\/\/botiga.domeniowines.com\/es\/tienda-online\/"},{"@type":"ListItem","position":3,"name":"\u00c0NIMA NUA COR VIU XAREL\u00b7LO"}]},{"@type":"WebSite","@id":"https:\/\/botiga.domeniowines.com\/#website","url":"https:\/\/botiga.domeniowines.com\/","name":"Botiga Domeniowines","description":"","potentialAction":[{"@type":"SearchAction","target":{"@type":"EntryPoint","urlTemplate":"https:\/\/botiga.domeniowines.com\/?s={search_term_string}"},"query-input":{"@type":"PropertyValueSpecification","valueRequired":true,"valueName":"search_term_string"}}],"inLanguage":"es"}]}},"_links":{"self":[{"href":"https:\/\/botiga.domeniowines.com\/es\/wp-json\/wp\/v2\/product\/16485","targetHints":{"allow":["GET"]}}],"collection":[{"href":"https:\/\/botiga.domeniowines.com\/es\/wp-json\/wp\/v2\/product"}],"about":[{"href":"https:\/\/botiga.domeniowines.com\/es\/wp-json\/wp\/v2\/types\/product"}],"replies":[{"embeddable":true,"href":"https:\/\/botiga.domeniowines.com\/es\/wp-json\/wp\/v2\/comments?post=16485"}],"version-history":[{"count":26,"href":"https:\/\/botiga.domeniowines.com\/es\/wp-json\/wp\/v2\/product\/16485\/revisions"}],"predecessor-version":[{"id":18146,"href":"https:\/\/botiga.domeniowines.com\/es\/wp-json\/wp\/v2\/product\/16485\/revisions\/18146"}],"wp:featuredmedia":[{"embeddable":true,"href":"https:\/\/botiga.domeniowines.com\/es\/wp-json\/wp\/v2\/media\/18124"}],"wp:attachment":[{"href":"https:\/\/botiga.domeniowines.com\/es\/wp-json\/wp\/v2\/media?parent=16485"}],"wp:term":[{"taxonomy":"product_cat","embeddable":true,"href":"https:\/\/botiga.domeniowines.com\/es\/wp-json\/wp\/v2\/product_cat?post=16485"},{"taxonomy":"product_tag","embeddable":true,"href":"https:\/\/botiga.domeniowines.com\/es\/wp-json\/wp\/v2\/product_tag?post=16485"}],"curies":[{"name":"wp","href":"https:\/\/api.w.org\/{rel}","templated":true}]}}