{"id":16459,"date":"2023-11-23T13:18:51","date_gmt":"2023-11-23T12:18:51","guid":{"rendered":"https:\/\/botiga.domeniowines.com\/politica-de-privacitat\/"},"modified":"2025-07-23T12:25:04","modified_gmt":"2025-07-23T10:25:04","slug":"politica-de-privacidad","status":"publish","type":"page","link":"https:\/\/botiga.domeniowines.com\/es\/politica-de-privacidad\/","title":{"rendered":"Pol\u00edtica de privacidad"},"content":{"rendered":"\t\t<div data-elementor-type=\"wp-page\" data-elementor-id=\"16459\" class=\"elementor elementor-16459 elementor-3\" data-elementor-post-type=\"page\">\n\t\t\t\t<div class=\"wd-negative-gap elementor-element elementor-element-1d135dc9 e-flex e-con-boxed e-con e-parent\" data-id=\"1d135dc9\" data-element_type=\"container\">\n\t\t\t\t\t<div class=\"e-con-inner\">\n\t\t\t\t<div class=\"elementor-element elementor-element-33180b9c color-scheme-inherit text-left elementor-widget elementor-widget-text-editor\" data-id=\"33180b9c\" data-element_type=\"widget\" data-widget_type=\"text-editor.default\">\n\t\t\t\t<div class=\"elementor-widget-container\">\n\t\t\t\t\t\t\t\n<h2>Aceptaci\u00f3n del usuario<\/h2>\n<p>Este documento (en adelante denominado &#8220;Pol\u00edtica de Privacidad&#8221;) tiene por objeto regular el uso del espacio web que \u201cCELLERS DOMENYS I SECCI\u00d3 DE CREDIT, SCCL\u201d(en adelante, &#8220;CELLERS DOMENYS&#8221;) pone a disposici\u00f3n del p\u00fablico en la direcci\u00f3n electr\u00f3nica https:\/\/www.botiga.domeniowines.com.<\/p>\n<p>Los derechos de propiedad intelectual de esta web, su c\u00f3digo fuente, las bases de datos y los distintos elementos que contengan son propiedad titular de CELLERS DOMENYS, a quien corresponde el ejercicio exclusivo de explotaci\u00f3n de los derechos de la propia web y, en especial, los de reproducci\u00f3n, distribuci\u00f3n, comunicaci\u00f3n p\u00fablica, mantenimiento y transformaci\u00f3n.<\/p>\n<p>La utilizaci\u00f3n del espacio web por un tercero le atribuye la condici\u00f3n de usuario y supone la completa aceptaci\u00f3n de este usuario de todas y cada una de las condiciones establecidas en esta Pol\u00edtica de privacidad.<\/p>\n<h2>Uso correcto del sitio web<\/h2>\n<p>El usuario se compromete a utilizar el sitio web, los contenidos y los servicios de acuerdo con la Ley, esta Pol\u00edtica de privacidad, las buenas pr\u00e1cticas y el orden p\u00fablico. Del mismo modo, el usuario se obliga a no utilizar el sitio web o los servicios que se prestan a trav\u00e9s de \u00e9l con fines o efectos il\u00edcitos o contrarios al contenido de esta Pol\u00edtica de privacidad, que lesionen intereses o derechos de terceros, o que de cualquier forma pueda da\u00f1ar, inutilizarlo deteriorar el propio espacio web o sus servicios o impedir un uso satisfactorio del espaciado web a otros usuarios.<\/p>\n<p>Asimismo, el usuario se compromete expresamente a no destruir, alterar, inutilizar o, de cualquier otra forma, da\u00f1ar los datos, programas o documentos electr\u00f3nicos y dem\u00e1s que se encuentren en el presente espacio web.<\/p>\n<p>El usuario se compromete a no obstaculizar el acceso de otros usuarios al servicio mediando el consumo masivo de los recursos inform\u00e1ticos a trav\u00e9s de los cuales CELLERS DOMENYS presta el servicio, as\u00ed como no realizar acciones que da\u00f1en, interrumpan o generen errores en dichos sIstemas.<\/p>\n<p>El usuario se compromete a no introducir programas, virus, macros, mini aplicaciones, controles de cualquier tipo o cualquier otro dispositivo l\u00f3gico o secuencia de caracteres que causen o puedan causar cualquier tipo de alteraci\u00f3n en los sistemas inform\u00e1ticos de CELLERS DOMENYS o de terceros o, en su caso, violar los derechos de la propiedad intelectual o industrial.<\/p>\n<p>El usuario se compromete a no hacer un mal uso de las informaciones, mensajes, gr\u00e1ficos, dibujos, archivos de sonido y \/ o imagen, fotograf\u00edas, programas y, en general, cualquier clase de material accesible a trav\u00e9s del presente sitio web o de los servicios que ofrece.<\/p>\n<p>No se permite, salvo en los supuestos en los que CELLERS DOMENYS lo autorice expresamente, establecer enlaces desde portales o webs de terceros, a p\u00e1ginas web de CELLERS DOMENYS, diferentes de la p\u00e1gina principal de su portal, accesible en la direcci\u00f3n URL https : \/\/www.botiga.domeniowines.com, o la que la sustituya en el futuro; tampoco se permite presentar las p\u00e1ginas web de CELLERS DOMENYS o la informaci\u00f3n que contienen bajo marcos, signos distintivos, marcas o denominaciones sociales o comerciales de otra persona, empresa o entidad.<\/p>\n<h2>Propiedad intelectual e industrial<\/h2>\n<p>Este espacio web y todos sus contenidos, incluidos los textos, los documentos, las fotograf\u00edas, los dibujos, las representaciones gr\u00e1ficas, las bases de datos, programas inform\u00e1ticos, as\u00ed como logotipos, marcas, nombres comerciales y otros signos distintivos son propiedad de CELLERS DOMENYS o de terceros que lo han autorizado para su uso.<\/p>\n<p>Todos los derechos est\u00e1n reservados.<\/p>\n<h2>R\u00e9gimen de responsabilidad<b><\/b><\/h2>\n<h4>\u2022 Responsabilidad de CELLERS DOMENYS por la utilizaci\u00f3n de la web<\/h4>\n<p>El usuario es el \u00fanico responsable de las infracciones en que pueda incurrir y de los perjuicios que pueda causar o causarse por la utilizaci\u00f3n del presente sitio web. Por su parte CELLERS DOMENYS queda exonerada de cualquier responsabilidad que se pudiera derivar por las acciones del usuario.<\/p>\n<p>El usuario ser\u00e1 el \u00fanico responsable por cualquier reclamaci\u00f3n o acci\u00f3n legal, judicial o extrajudicial iniciada por terceras personas contra CELLERS DOMENYS, basada en la utilizaci\u00f3n del espacio web por el usuario. Si es el caso, el usuario asumir\u00e1 todos los gastos, costes e indemnizaciones que se reclamen a CELLERS DOMENYS con motivo de reclamaciones o de acciones legales que le sean atribuidas.<\/p>\n<h4>\u2022 Responsabilidad de CELLERS DOMENYS por el funcionamiento de la web<\/h4>\n<p>Este sitio web ha sido revisado y probado para que funcione adecuadamente. En principio, puede garantizarse el correcto funcionamiento diario. Sin embargo, no se puede descartar la posibilidad de que puedan darse circunstancias, como pueden ser los errores de programaci\u00f3n, que se produzcan interrupciones en el servicio, para llevar a cabo tareas de mantenimiento, o que sucedan hechos fuera de su control, como pueden ser las causas de fuerza mayor, cat\u00e1strofes naturales, acciones de hackers o crackers, o circunstancias similares que imposibiliten el acceso a la p\u00e1gina web.<\/p>\n<h4>\u2022 Responsabilidad de CELLERS DOMENYS por enlaces desde la web<\/h4>\n<p>Desde el sitio web es posible que se redirija a contenidos de terceros. Dado que CELLERS DOMENYS no puede controlar siempre los contenidos introducidos por los terceros, en su sitio web, este no asume ning\u00fan tipo de responsabilidad respecto a dichos contenidos. En todo caso, se proceder\u00e1 a la retirada inmediata de cualquier enlace que pudiera contravenir la legislaci\u00f3n nacional o internacional, la moral o el orden p\u00fablico, procediendo a la retirada inmediata de la redirecci\u00f3n a dicho sitio web, informando a las autoridades competentes del contenido en cuesti\u00f3n.<\/p>\n<h2>Protecci\u00f3n de Datos y cumplimiento de la Ley de Servicios de la Sociedad de la Informaci\u00f3n y del Comercio Electr\u00f3nico<\/h2>\n<p>En cumplimiento del Reglamento General de Protecci\u00f3n de Datos (RGPD 2016\/679), CELLERS DOMENYS informa a los usuarios que los datos de car\u00e1cter personal que proporcionan al rellenar los formularios o requerimientos de contrato, ser\u00e1n tratados por CELLERS DOMENYS con el fin de poder prestar e informar sobre los servicios o sobre los productos que CELLERS DOMENYS ofrece, as\u00ed como para dar respuesta a sus solicitudes y \/ o consultas. El hecho de rellenar un formulario del sitio web implica que el usuario reconoce que la informaci\u00f3n y los datos personales que nos indica son suyos, exactos, actualizados y ciertas.<\/p>\n<h2><b>\u00bfQui\u00e9n es el responsable del tratamiento de sus datos personales?<\/b><\/h2>\n<ul>\n<li>Identidad del Responsable: CELLERS DOMENYS Y SECCI\u00d3N DE CREDIT, SCCL<\/li>\n<li>Nombre comercial: CELLERS DOMENYS<\/li>\n<li>NIF \/ CIF: F-43012384<\/li>\n<li>Direcci\u00f3n: C \/ Prat de la Riba, 18, 43713-Sant Jaume dels Domenys<\/li>\n<li>Correo electr\u00f3nico: rgpd@cellerdomenys.com<\/li>\n<li>Actividad: Cooperativa agr\u00edcola con Secci\u00f3n de Cr\u00e9dito.<\/li>\n<\/ul>\n<p>A los efectos de lo previsto en el Reglamento General de Protecci\u00f3n de Datos (RGPD 2016\/679), los datos personales que nos facilite a trav\u00e9s de los formularios de la web, recibir\u00e1n el tratamiento de datos de &#8220;Usuarios de la web&#8221;.<\/p>\n<h2>\u00bfCon qu\u00e9 fines continuaremos tratando sus datos personales?<\/h2>\n<p>Tratamos los datos personales de nuestros contactos, clientes, socios y proveedores con el fin de gestionar la relaci\u00f3n comercial con nuestra organizaci\u00f3n y, en especial, los aspectos contractuales, el env\u00edo de informaci\u00f3n de nuestra entidad y del sector, la organizaci\u00f3n de actividades, campa\u00f1as o eventos y el env\u00edo de comunicaciones informativas y comerciales (tambi\u00e9n por v\u00eda electr\u00f3nica).<\/p>\n<h2>\u00bfCu\u00e1nto tiempo conservaremos sus datos personales?<\/h2>\n<p>Los datos personales se conservar\u00e1n durante el plazo de 5 a\u00f1os de conformidad con la normativa contable vigente y, en su caso, durante 10 a\u00f1os seg\u00fan la normativa de prevenci\u00f3n de blanqueo de capitales.<\/p>\n<p>En cualquier caso, CELLERS DOMENYS conservar\u00e1 sus datos personales mientras sean necesarias para la prestaci\u00f3n relaci\u00f3n contractual y a menos que se nos solicite la supresi\u00f3n. Sin embargo, las conservar\u00e1 durante el periodo de tiempo necesario para dar cumplimiento a las obligaciones legales que en cada caso corresponda de acuerdo con la tipolog\u00eda de los datos y la finalidad de su obtenci\u00f3n.<\/p>\n<h2>\u00bfCu\u00e1l es la legitimaci\u00f3n para el tratamiento de sus datos personales?<\/h2>\n<p>La base legal para el tratamiento de sus datos es en la mayor\u00eda de las ocasiones la existencia de un contrato previo con CELLERS DOMENYS Y SECCI\u00d3N DE CREDIT, SCCL, o en su defecto, el consentimiento expreso del usuario, otorgado en los formularios que puede rellenar.<\/p>\n<p>Para contactar o hacer comentarios en esta web se requiere el consentimiento con esta pol\u00edtica de privacidad.<\/p>\n<p>La oferta prospectiva o comercial de productos y servicios est\u00e1 basada en el consentimiento que se le solicita, sin que en ning\u00fan caso la retirada de este consentimiento condicione la ejecuci\u00f3n del contrato de suscripci\u00f3n del servicio, por ejemplo en el caso de la secci\u00f3n de cr\u00e9dito.<\/p>\n<h2>\u00bfA qu\u00e9 destinatarios se comunicar\u00e1n sus datos personales?<\/h2>\n<p>Los datos \u00fanicamente podr\u00e1n comunicarse a organizaciones vinculadas a CELLERS DOMENYS en el \u00e1mbito de la gesti\u00f3n de sus productos y \/ o servicios para las mismas finalidades referidas anteriormente, as\u00ed como a aquellas Administraciones P\u00fablicas competentes cuando lo exija la normativa vigente.<\/p>\n<p>CELLERS DOMENYS Y SECCI\u00d3N DE CREDIT, SCCL no puede garantizar la absoluta inexpugnabilidad de la red Internet y por tanto la violaci\u00f3n de los datos mediante accesos fraudulentos a las mismas por parte de terceros, y no puede asumir ninguna responsabilidad por estos ataques.<\/p>\n<p>El personal de CELLERS DOMENYS podr\u00e1 acceder a sus datos seg\u00fan cada una de las finalidades del tratamiento y con los objetivos descritos en esta Pol\u00edtica de Privacidad. Todos los empleados de CELLERS DOMENYS han sido formados e informados de sus responsabilidades al respecto y firman el acuerdo de confidencialidad correspondiente. Igualmente, pueden acceder a sus datos, organizaciones terceras la intervenci\u00f3n de las que se requiera y \/ o necesaria para la gesti\u00f3n adecuada de la prestaci\u00f3n del servicio, como por ejemplo, proveedores inform\u00e1ticos.<\/p>\n<p>CELLERS DOMENYS ha establecido contratos o acuerdos contractuales y medidas de seguridad con terceros, para garantizar el adecuado nivel de seguridad y de protecci\u00f3n de los datos personales.<\/p>\n<h2>\u00bfCu\u00e1les son sus derechos en relaci\u00f3n con sus datos personales?<\/h2>\n<p>Puede solicitar el acceso, rectificaci\u00f3n, supresi\u00f3n, limitaci\u00f3n al tratamiento, portabilidad y oposici\u00f3n al tratamiento de sus datos en cualquier momento.<\/p>\n<p>El usuario registrado conserva en todo momento la posibilidad de ejercitar sus derechos de acceso, rectificaci\u00f3n, oposici\u00f3n, supresi\u00f3n, limitaci\u00f3n del tratamiento, portabilidad u oposici\u00f3n al tratamiento de sus datos mediante el env\u00edo de un correo electr\u00f3nico a RGPD @ cellerdomenys.com o de un correo postal a C \/ Prat de la Riba, 18, 43713-Sant Jaume dels Domenys, acompa\u00f1ado de un documento que acredite su identidad. Asimismo, y de conformidad con la Ley 34\/2002, de 1 de julio, de Servicios de la Sociedad de la Informaci\u00f3n y del Comercio Electr\u00f3nico, puede revocar en cualquier momento el consentimiento prestado a la recepci\u00f3n de comunicaciones comerciales. Tambi\u00e9n puede dirigirte a la Agencia Espa\u00f1ola de Protecci\u00f3n de Datos (www.agpd.es) si ha visto vulnerados sus derechos y libertades.<\/p>\n<h2>\u00bfQu\u00e9 datos se tratan y almacenan?<\/h2>\n<p>Se guardan los datos b\u00e1sicos de identificaci\u00f3n (nombre, apellidos, direcci\u00f3n postal y electr\u00f3nica, tel\u00e9fono y NIF) y relaci\u00f3n, para el env\u00edo de propuestas, de informaci\u00f3n comercial y para la facturaci\u00f3n (n\u00famero de cuenta), si el cliente desea domiciliaci\u00f3n bancaria. No se tratan categor\u00edas de datos especialmente protegidos.<\/p>\n<p>No se elimina informaci\u00f3n, a menos que sea solicitada la supresi\u00f3n por parte del usuario y, siempre y cuando, esta supresi\u00f3n proceda. La informaci\u00f3n siempre est\u00e1 disponible, aunque puede estar bloqueada para entregas informativos, de marketing y \/ o comerciales, si se han ejercitado los derechos de supresi\u00f3n, limitaci\u00f3n al tratamiento o bien oposici\u00f3n por parte del usuario.<\/p>\n<h2>\u00bfCu\u00e1l es la Pol\u00edtica de privacidad y seguridad de la informaci\u00f3n y su acceso?<\/h2>\n<p>El acceso a la base de datos est\u00e1 protegido mediante usuario y contrase\u00f1a.<\/p>\n<p>En el caso de acceso remoto autorizado, este se realiza a trav\u00e9s de TeamViewer y utilizando un protocolo de comunicaciones SSL.<\/p>\n<h2>\u00bfCu\u00e1l es la pol\u00edtica de respuesta frente incidentes de seguridad y an\u00e1lisis de su impacto?<\/h2>\n<p>CELLERS DOMENYS ha adoptado medidas de protecci\u00f3n t\u00e9cnicas y organizativas apropiadas y estas medidas se aplican a los datos que podr\u00edan estar afectadas por potencial violaciones de seguridad. No hay acceso a datos de clientes \/ usuarios por personas que no est\u00e9n autorizadas a acceder a ellas. En caso de que CELLERS DOMENYS identifique una violaci\u00f3n de seguridad de datos personales que comprometa a sus usuarios, se notificar\u00e1 a la autoridad competente dentro las 72h y los usuarios, en su caso, a la mayor brevedad posible al respecto.<\/p>\n<h2>\u00bfCu\u00e1l es la Pol\u00edtica de supresi\u00f3n de datos frente bajas del servicio?<\/h2>\n<p>CELLERS DOMENYS desactiva a sus Bases de datos de env\u00edos de informaci\u00f3n, las cuentas de los clientes \/ usuarios que deciden darse de baja y que hayan ejercido su derecho a la supresi\u00f3n. En este caso, los datos del cliente \/ usuario quedar\u00e1n bloqueadas y se mantendr\u00e1n el tiempo necesario en cumplimiento de otras normativas vigentes.<\/p>\n<h2>Cambios en la pol\u00edtica de privacidad<\/h2>\n<p>CELLERS DOMENYS Y SECCI\u00d3N DE CREDIT, SCCL se reserva el derecho a modificar la presente pol\u00edtica para adaptarla a novedades legislativas o jurisprudenciales. En estos supuestos, CELLERS DOMENYS Y SECCI\u00d3N DE CREDIT, SCCL anunciar\u00e1 en esta p\u00e1gina los cambios introducidos con razonable antelaci\u00f3n a su puesta en pr\u00e1ctica.<\/p>\n<h2>Correos comerciales<\/h2>\n<p>De acuerdo con la LSSICE, CELLERS DOMENYS Y SECCI\u00d3N DE CREDIT, SCCL no realiza pr\u00e1cticas de Spam, de modo que no enviar\u00e1 correos comerciales por v\u00eda electr\u00f3nica que no hayan sido previamente solicitados o autorizados por el usuario. En consecuencia, cada uno de los formularios que hay insertados en la web, el usuario tiene la posibilidad de dar su consentimiento para recibir informaci\u00f3n comercial.<\/p>\n<p>De acuerdo con lo dispuesto en la Ley 34\/2002, de Servicios de la informaci\u00f3n y de comercio electr\u00f3nico, CELLERS DOMENYS Y SECCI\u00d3N DE CREDIT, SCCL se compromete a no enviar comunicaciones de car\u00e1cter comercial sin identificarlas debidamente.<\/p>\n<h2>Legislaci\u00f3n aplicable y competencia judicial<\/h2>\n<p>Cualquier controversia surgida en la interpretaci\u00f3n o la ejecuci\u00f3n de esta Pol\u00edtica de privacidad se interpretar\u00e1 a partir de la legislaci\u00f3n espa\u00f1ola. Asimismo, CELLERS DOMENYS a trav\u00e9s de su representaci\u00f3n legal y el usuario, con renuncia a cualquier otra jurisdicci\u00f3n que les pudiera corresponder, se someten a la de los juzgados y tribunales de la ciudad de Tarragona.<\/p>\n\t\t\t\t\t\t<\/div>\n\t\t\t\t<\/div>\n\t\t\t\t\t<\/div>\n\t\t\t\t<\/div>\n\t\t\t\t<\/div>\n\t\t","protected":false},"excerpt":{"rendered":"<p>Aceptaci\u00f3n del usuario Este documento (en adelante denominado &#8220;Pol\u00edtica de Privacidad&#8221;) tiene por objeto regular el uso del espacio web<\/p>\n","protected":false},"author":1,"featured_media":0,"parent":0,"menu_order":0,"comment_status":"closed","ping_status":"open","template":"","meta":{"_monsterinsights_skip_tracking":false,"_monsterinsights_sitenote_active":false,"_monsterinsights_sitenote_note":"","_monsterinsights_sitenote_category":0,"footnotes":""},"class_list":["post-16459","page","type-page","status-publish","hentry"],"yoast_head":"<!-- This site is optimized with the Yoast SEO plugin v25.5 - https:\/\/yoast.com\/wordpress\/plugins\/seo\/ -->\n<title>Pol\u00edtica de privacidad | Protecci\u00f3n de datos en Domenio Wines<\/title>\n<meta name=\"description\" content=\"Conoce c\u00f3mo Domenio Wines protege tus datos personales. Transparencia, seguridad y cumplimiento del RGPD en nuestra pol\u00edtica de privacidad.\" \/>\n<meta name=\"robots\" content=\"index, follow, max-snippet:-1, max-image-preview:large, max-video-preview:-1\" \/>\n<link rel=\"canonical\" href=\"https:\/\/botiga.domeniowines.com\/es\/politica-de-privacidad\/\" \/>\n<meta property=\"og:locale\" content=\"es_ES\" \/>\n<meta property=\"og:type\" content=\"article\" \/>\n<meta property=\"og:title\" content=\"Pol\u00edtica de privacidad | Protecci\u00f3n de datos en Domenio Wines\" \/>\n<meta property=\"og:description\" content=\"Conoce c\u00f3mo Domenio Wines protege tus datos personales. Transparencia, seguridad y cumplimiento del RGPD en nuestra pol\u00edtica de privacidad.\" \/>\n<meta property=\"og:url\" content=\"https:\/\/botiga.domeniowines.com\/es\/politica-de-privacidad\/\" \/>\n<meta property=\"og:site_name\" content=\"Botiga Domeniowines\" \/>\n<meta property=\"article:modified_time\" content=\"2025-07-23T10:25:04+00:00\" \/>\n<meta name=\"twitter:card\" content=\"summary_large_image\" \/>\n<meta name=\"twitter:label1\" content=\"Tiempo de lectura\" \/>\n\t<meta name=\"twitter:data1\" content=\"13 minutos\" \/>\n<script type=\"application\/ld+json\" class=\"yoast-schema-graph\">{\"@context\":\"https:\/\/schema.org\",\"@graph\":[{\"@type\":\"WebPage\",\"@id\":\"https:\/\/botiga.domeniowines.com\/es\/politica-de-privacidad\/\",\"url\":\"https:\/\/botiga.domeniowines.com\/es\/politica-de-privacidad\/\",\"name\":\"Pol\u00edtica de privacidad | Protecci\u00f3n de datos en Domenio Wines\",\"isPartOf\":{\"@id\":\"https:\/\/botiga.domeniowines.com\/#website\"},\"datePublished\":\"2023-11-23T12:18:51+00:00\",\"dateModified\":\"2025-07-23T10:25:04+00:00\",\"description\":\"Conoce c\u00f3mo Domenio Wines protege tus datos personales. Transparencia, seguridad y cumplimiento del RGPD en nuestra pol\u00edtica de privacidad.\",\"breadcrumb\":{\"@id\":\"https:\/\/botiga.domeniowines.com\/es\/politica-de-privacidad\/#breadcrumb\"},\"inLanguage\":\"es\",\"potentialAction\":[{\"@type\":\"ReadAction\",\"target\":[\"https:\/\/botiga.domeniowines.com\/es\/politica-de-privacidad\/\"]}]},{\"@type\":\"BreadcrumbList\",\"@id\":\"https:\/\/botiga.domeniowines.com\/es\/politica-de-privacidad\/#breadcrumb\",\"itemListElement\":[{\"@type\":\"ListItem\",\"position\":1,\"name\":\"Inici\",\"item\":\"https:\/\/botiga.domeniowines.com\/es\/\"},{\"@type\":\"ListItem\",\"position\":2,\"name\":\"Pol\u00edtica de privacidad\"}]},{\"@type\":\"WebSite\",\"@id\":\"https:\/\/botiga.domeniowines.com\/#website\",\"url\":\"https:\/\/botiga.domeniowines.com\/\",\"name\":\"Botiga Domeniowines\",\"description\":\"\",\"potentialAction\":[{\"@type\":\"SearchAction\",\"target\":{\"@type\":\"EntryPoint\",\"urlTemplate\":\"https:\/\/botiga.domeniowines.com\/?s={search_term_string}\"},\"query-input\":{\"@type\":\"PropertyValueSpecification\",\"valueRequired\":true,\"valueName\":\"search_term_string\"}}],\"inLanguage\":\"es\"}]}<\/script>\n<!-- \/ Yoast SEO plugin. -->","yoast_head_json":{"title":"Pol\u00edtica de privacidad | Protecci\u00f3n de datos en Domenio Wines","description":"Conoce c\u00f3mo Domenio Wines protege tus datos personales. Transparencia, seguridad y cumplimiento del RGPD en nuestra pol\u00edtica de privacidad.","robots":{"index":"index","follow":"follow","max-snippet":"max-snippet:-1","max-image-preview":"max-image-preview:large","max-video-preview":"max-video-preview:-1"},"canonical":"https:\/\/botiga.domeniowines.com\/es\/politica-de-privacidad\/","og_locale":"es_ES","og_type":"article","og_title":"Pol\u00edtica de privacidad | Protecci\u00f3n de datos en Domenio Wines","og_description":"Conoce c\u00f3mo Domenio Wines protege tus datos personales. Transparencia, seguridad y cumplimiento del RGPD en nuestra pol\u00edtica de privacidad.","og_url":"https:\/\/botiga.domeniowines.com\/es\/politica-de-privacidad\/","og_site_name":"Botiga Domeniowines","article_modified_time":"2025-07-23T10:25:04+00:00","twitter_card":"summary_large_image","twitter_misc":{"Tiempo de lectura":"13 minutos"},"schema":{"@context":"https:\/\/schema.org","@graph":[{"@type":"WebPage","@id":"https:\/\/botiga.domeniowines.com\/es\/politica-de-privacidad\/","url":"https:\/\/botiga.domeniowines.com\/es\/politica-de-privacidad\/","name":"Pol\u00edtica de privacidad | Protecci\u00f3n de datos en Domenio Wines","isPartOf":{"@id":"https:\/\/botiga.domeniowines.com\/#website"},"datePublished":"2023-11-23T12:18:51+00:00","dateModified":"2025-07-23T10:25:04+00:00","description":"Conoce c\u00f3mo Domenio Wines protege tus datos personales. Transparencia, seguridad y cumplimiento del RGPD en nuestra pol\u00edtica de privacidad.","breadcrumb":{"@id":"https:\/\/botiga.domeniowines.com\/es\/politica-de-privacidad\/#breadcrumb"},"inLanguage":"es","potentialAction":[{"@type":"ReadAction","target":["https:\/\/botiga.domeniowines.com\/es\/politica-de-privacidad\/"]}]},{"@type":"BreadcrumbList","@id":"https:\/\/botiga.domeniowines.com\/es\/politica-de-privacidad\/#breadcrumb","itemListElement":[{"@type":"ListItem","position":1,"name":"Inici","item":"https:\/\/botiga.domeniowines.com\/es\/"},{"@type":"ListItem","position":2,"name":"Pol\u00edtica de privacidad"}]},{"@type":"WebSite","@id":"https:\/\/botiga.domeniowines.com\/#website","url":"https:\/\/botiga.domeniowines.com\/","name":"Botiga Domeniowines","description":"","potentialAction":[{"@type":"SearchAction","target":{"@type":"EntryPoint","urlTemplate":"https:\/\/botiga.domeniowines.com\/?s={search_term_string}"},"query-input":{"@type":"PropertyValueSpecification","valueRequired":true,"valueName":"search_term_string"}}],"inLanguage":"es"}]}},"_links":{"self":[{"href":"https:\/\/botiga.domeniowines.com\/es\/wp-json\/wp\/v2\/pages\/16459","targetHints":{"allow":["GET"]}}],"collection":[{"href":"https:\/\/botiga.domeniowines.com\/es\/wp-json\/wp\/v2\/pages"}],"about":[{"href":"https:\/\/botiga.domeniowines.com\/es\/wp-json\/wp\/v2\/types\/page"}],"author":[{"embeddable":true,"href":"https:\/\/botiga.domeniowines.com\/es\/wp-json\/wp\/v2\/users\/1"}],"replies":[{"embeddable":true,"href":"https:\/\/botiga.domeniowines.com\/es\/wp-json\/wp\/v2\/comments?post=16459"}],"version-history":[{"count":4,"href":"https:\/\/botiga.domeniowines.com\/es\/wp-json\/wp\/v2\/pages\/16459\/revisions"}],"predecessor-version":[{"id":16702,"href":"https:\/\/botiga.domeniowines.com\/es\/wp-json\/wp\/v2\/pages\/16459\/revisions\/16702"}],"wp:attachment":[{"href":"https:\/\/botiga.domeniowines.com\/es\/wp-json\/wp\/v2\/media?parent=16459"}],"curies":[{"name":"wp","href":"https:\/\/api.w.org\/{rel}","templated":true}]}}