{"id":16449,"date":"2024-02-01T12:15:14","date_gmt":"2024-02-01T11:15:14","guid":{"rendered":"https:\/\/botiga.domeniowines.com\/politica-de-cookies\/"},"modified":"2025-07-23T12:23:13","modified_gmt":"2025-07-23T10:23:13","slug":"politica-de-cookies","status":"publish","type":"page","link":"https:\/\/botiga.domeniowines.com\/es\/politica-de-cookies\/","title":{"rendered":"Pol\u00edtica de cookies"},"content":{"rendered":"\t\t<div data-elementor-type=\"wp-page\" data-elementor-id=\"16449\" class=\"elementor elementor-16449 elementor-16031\" data-elementor-post-type=\"page\">\n\t\t\t\t<div class=\"wd-negative-gap elementor-element elementor-element-1d135dc9 e-flex e-con-boxed e-con e-parent\" data-id=\"1d135dc9\" data-element_type=\"container\">\n\t\t\t\t\t<div class=\"e-con-inner\">\n\t\t\t\t<div class=\"elementor-element elementor-element-33180b9c color-scheme-inherit text-left elementor-widget elementor-widget-text-editor\" data-id=\"33180b9c\" data-element_type=\"widget\" data-widget_type=\"text-editor.default\">\n\t\t\t\t<div class=\"elementor-widget-container\">\n\t\t\t\t\t\t\t\n<p><strong>CELLERS DOMENYS<\/strong>\u00a0puede recopilar informaci\u00f3n sobre los h\u00e1bitos de b\u00fasqueda de los usuarios del website por medio de cookies o archivos de registro. No se utilizar\u00e1n las cookies para recoger informaci\u00f3n de car\u00e1cter personal. Solamente se instalar\u00e1n si el Usuario permanece y contin\u00faa navegando en nuestra p\u00e1gina web, entendiendo que consiente su uso e instalaci\u00f3n. A continuaci\u00f3n, proporcionamos informaci\u00f3n detallada sobre qu\u00e9 es una cookie, para qu\u00e9 sirve, qu\u00e9 tipos de cookies utilizamos, cu\u00e1les son sus finalidades y c\u00f3mo puede configurarlas o deshabilitarlas si as\u00ed lo desea.<\/p>\n<h3>a)\u00a0\u00bfQu\u00e9 es una cookie y para qu\u00e9 sirve?<\/h3>\n<p>Una &#8220;Cookie&#8221; es un peque\u00f1o archivo que se almacena en el ordenador del usuario, Tablet, smartphone o cualquier otro dispositivo con informaci\u00f3n sobre la navegaci\u00f3n.<\/p>\n<p>El conjunto de &#8220;cookies&#8221; de todos nuestros usuarios nos ayuda a mejorar la calidad de nuestra web, permiti\u00e9ndonos controlar qu\u00e9 p\u00e1ginas son \u00fatiles, cu\u00e1les no y cu\u00e1les son susceptibles de mejora.<\/p>\n<p>Las cookies son esenciales para el funcionamiento de Internet, aportando innumerables ventajas en la prestaci\u00f3n de servicios interactivos, facilit\u00e1ndole la navegaci\u00f3n y usabilidad de nuestro website.<\/p>\n<p>En ning\u00fan caso las cookies podr\u00edan da\u00f1ar su equipo. Por contra, el que est\u00e9n activas nos ayuda a identificar y resolver los errores.<\/p>\n<h3>b)\u00a0\u00bfQu\u00e9 tipos de cookies utilizamos?<\/h3>\n<p><strong>Seg\u00fan la entidad que la gestiona:<\/strong><\/p>\n<ul>\n<li><strong>Cookies propias:<\/strong>\u00a0Son aquellas que se env\u00edan a su equipo desde nuestros propios equipos o dominios y desde el que prestamos el servicio que nos solicita.<\/li>\n<li><strong>Cookies de terceros:<\/strong>\u00a0Son aquellas que se env\u00edan a su equipo desde un equipo o dominio que no es gestionado por nosotros, sino por otra entidad colaboradora. Como, por ejemplo, las usadas por redes sociales, o por contenido externo como Google Maps.<\/li>\n<\/ul>\n<p><strong>Seg\u00fan el plazo de tiempo que permanecen activadas:<\/strong><\/p>\n<ul>\n<li><strong>Cookies de sesi\u00f3n:<\/strong>\u00a0Son cookies temporales que permanecen en el archivo de cookies de su navegador hasta que el Usuario abandona la p\u00e1gina web, por lo que ninguna queda registrada en el disco duro de su ordenador. La informaci\u00f3n obtenida por medio de estas cookies, sirven para analizar pautas de tr\u00e1fico en el website. A la larga, esto nos permite proporcionar una mejor experiencia para mejorar el contenido y facilitar su uso.<\/li>\n<li><strong>Cookies persistentes:<\/strong>\u00a0son almacenadas en el disco duro y nuestra web las lee cada vez que el Usuario realiza una nueva visita. Una cookie permanente posee una fecha de expiraci\u00f3n determinada. La cookie dejar\u00e1 de funcionar despu\u00e9s de esa fecha. Estas cookies las utilizamos, generalmente, para facilitar los servicios de compra y registro.<\/li>\n<\/ul>\n<p><strong>Seg\u00fan su finalidad:<\/strong><\/p>\n<ul>\n<li><strong>Cookies t\u00e9cnicas:<\/strong>\u00a0Son aquellas necesarias para la navegaci\u00f3n y el buen funcionamiento de nuestro website. Permiten, por ejemplo, controlar el tr\u00e1fico y la comunicaci\u00f3n de datos, acceder a partes de acceso restringido, realizar el proceso de compra de un pedido, utilizar elementos de seguridad, almacenar contenidos para poder difundir v\u00eddeos o compartir contenidos a trav\u00e9s de redes sociales.<\/li>\n<li><strong>Cookies de personalizaci\u00f3n:<\/strong>\u00a0Son aqu\u00e9llas que permiten al Usuario acceder al servicio con unas caracter\u00edsticas predefinidas en funci\u00f3n de una serie de criterios, como por ejemplo el idioma, el tipo de navegador a trav\u00e9s del cual se accede al servicio, la configuraci\u00f3n regional desde donde se accede al servicio, etc.<\/li>\n<li><strong>Cookies de an\u00e1lisis:<\/strong>\u00a0Son aqu\u00e9llas que nos permiten cuantificar el n\u00famero de usuarios y as\u00ed realizar la medici\u00f3n y an\u00e1lisis estad\u00edstico de la utilizaci\u00f3n que hacen los usuarios de los servicios prestados.Para ello se analiza su navegaci\u00f3n en nuestro website con el fin de mejorar la oferta de productos y servicios que ofrecemos.<\/li>\n<li><strong>Cookies publicitarias:<\/strong>\u00a0Son aqu\u00e9llas que permiten la gesti\u00f3n, de la forma m\u00e1s eficaz posible, de los espacios publicitarios que se pudieran incluir en nuestro website.<\/li>\n<li><strong>Cookies de publicidad comportamental:<\/strong>\u00a0Estas cookies almacenan informaci\u00f3n del comportamiento de los usuarios obtenida a trav\u00e9s de la observaci\u00f3n continuada. Gracias a ellas, podr\u00edamos conocer los h\u00e1bitos de navegaci\u00f3n en Internet y mostrarle publicidad relacionada con su perfil de navegaci\u00f3n.<\/li>\n<\/ul>\n<p><strong>Finalidad de cada una de las cookies utilizadas:<\/strong><\/p>\n<p>A continuaci\u00f3n, detallamos las cookies utilizadas en nuestra web y el proveedor al que pertenecen. Cookies propias son las que pertenecen a nuestro dominio y cookies de terceros son las que pertenecen a otros dominios seg\u00fan la\u00a0<strong>tabla<\/strong>\u00a0siguiente:<\/p>\n<table border=\"1\">\n<tbody>\n<tr>\n<td><strong>Cookie<\/strong><\/td>\n<td><strong>Nombre<\/strong><\/td>\n<td><strong>Tipo<\/strong><\/td>\n<td><strong>Prop\u00f3sito<\/strong><\/td>\n<td><strong>M\u00e1s informaci\u00f3n<\/strong><\/td>\n<\/tr>\n<tr>\n<td>T\u00e9cnica<\/td>\n<td>PHPSESSID<\/td>\n<td>Propia.<\/td>\n<td>Esta cookie es nativa de PHP y permite a la web guardar datos serializados de estado. En esta web se usa para establecer sesiones de usuario pasando datos de estado a trav\u00e9s de una cookie temporal tambi\u00e9n conocida como Cookie de sesi\u00f3n.<\/td>\n<td>Duraci\u00f3n:<br \/>sesi\u00f3n<\/td>\n<\/tr>\n<tr>\n<td>T\u00e9cnica<\/td>\n<td>PrestaShop<\/td>\n<td>Propia.<\/td>\n<td>Cookie que usa Prestashop para guardar informaci\u00f3n y mantener abierta la sesi\u00f3n del usuario. Permite guardar informaci\u00f3n como moneda, idioma, identificador del cliente\u2026<\/td>\n<td>Duraci\u00f3n:<br \/>1 mes<\/td>\n<\/tr>\n<tr>\n<td>T\u00e9cnica<\/td>\n<td>__lglaw<\/td>\n<td>Propia.<\/td>\n<td>Almacena las preferencias de configuraci\u00f3n de cookies por parte del visitante<\/td>\n<td>Duraci\u00f3n:<br \/>1 d\u00eda<\/td>\n<\/tr>\n<tr>\n<td>T\u00e9cnica<\/td>\n<td>psagechecker<\/td>\n<td>Propia.<\/td>\n<td>Almacena el consentimiento de mayor\u00eda de edad.<\/td>\n<td>Duraci\u00f3n:<br \/>sesi\u00f3n<\/td>\n<\/tr>\n<tr>\n<td>Anal\u00edtica<\/td>\n<td>IDE<\/td>\n<td>Terceros<\/td>\n<td>Publicitaria, utilizada por Google para mostrar anuncios de Google en sitios web que no son de Google<\/td>\n<td>Duraci\u00f3n:<br \/>13 meses<\/td>\n<\/tr>\n<tr>\n<td>Anal\u00edtica<\/td>\n<td>_gid<\/td>\n<td>Terceros<\/td>\n<td>Anal\u00edtica, relacionada con Google Analytics que se usa para distinguir los usuarios.\u00a0\u00a0\u00a0<\/td>\n<td>Duraci\u00f3n:<br \/>1 d\u00eda<\/td>\n<\/tr>\n<tr>\n<td>Anal\u00edtica<\/td>\n<td>_ga<\/td>\n<td>Terceros<\/td>\n<td>Anal\u00edtica, relacionada con Google Analytics que se usa para distinguir los usuarios.<\/td>\n<td>Duraci\u00f3n:<br \/>2 a\u00f1os<\/td>\n<\/tr>\n<tr>\n<td>Anal\u00edtica<\/td>\n<td>_gat<\/td>\n<td>Terceros<\/td>\n<td>Anal\u00edtica, relacionada con Google Analytics que se usa para limitar el porcentaje de solicitudes\u00a0\u00a0\u00a0<\/td>\n<td>Duraci\u00f3n:<br \/>1 minuto<\/td>\n<\/tr>\n<tr>\n<td>Publicitaria<\/td>\n<td>_fbp<\/td>\n<td>Terceros<\/td>\n<td>Publicitaria, utilizada por Facebook para ofrecer una serie de productos publicitarios, como ofertas en tiempo real de terceros anunciantes.<\/td>\n<td>Duraci\u00f3n:<br \/>1 d\u00eda<\/td>\n<\/tr>\n<\/tbody>\n<\/table>\n<p>\u00a0<\/p>\n<p><strong>\u00bfC\u00f3mo puede el Usuario configurar o deshabilitar las cookies?<\/strong><\/p>\n<p>Puede\u00a0<strong>permitir, bloquear o eliminar las cookies instaladas en su equipo\u00a0<\/strong>mediante la configuraci\u00f3n de las opciones de su navegador de Internet. En caso de que no permita la instalaci\u00f3n de cookies en su navegador es posible que no pueda acceder a algunos de los servicios y que su experiencia en el website pueda resultar menos satisfactoria.<\/p>\n<ul>\n<li><strong>Firefox:<\/strong>\u00a0<a href=\"http:\/\/support.mozilla.org\/es\/kb\/habilitar-y-deshabilitar-cookies-que-los-sitios-we\">http:\/\/support.mozilla.org\/es\/kb\/habilitar-y-deshabilitar-cookies-que-los-sitios-we<\/a><\/li>\n<li><strong>Chrome:<\/strong>\u00a0<a href=\"http:\/\/support.google.com\/chrome\/bin\/answer.py?hl=es&amp;answer=95647\">http:\/\/support.google.com\/chrome\/bin\/answer.py?hl=es&amp;answer=95647<\/a><\/li>\n<li><strong>Explorer:<\/strong>\u00a0<a href=\"https:\/\/support.microsoft.com\/es-es\/help\/17442\">https:\/\/support.microsoft.com\/es-es\/help\/17442<\/a><\/li>\n<li><strong>Safari:<\/strong>\u00a0<a href=\"http:\/\/support.apple.com\/kb\/ph5042\">http:\/\/support.apple.com\/kb\/ph5042<\/a><\/li>\n<li><strong>Opera:<\/strong>\u00a0<a href=\"http:\/\/help.opera.com\/Windows\/11.50\/es-ES\/cookies.html\">http:\/\/help.opera.com\/Windows\/11.50\/es-ES\/cookies.html<\/a><\/li>\n<li><strong>Otros navegadores:<\/strong>\u00a0consulte la documentaci\u00f3n del navegador que tenga instalado.<\/li>\n<\/ul>\n\t\t\t\t\t\t<\/div>\n\t\t\t\t<\/div>\n\t\t\t\t\t<\/div>\n\t\t\t\t<\/div>\n\t\t\t\t<\/div>\n\t\t","protected":false},"excerpt":{"rendered":"<p>CELLERS DOMENYS\u00a0puede recopilar informaci\u00f3n sobre los h\u00e1bitos de b\u00fasqueda de los usuarios del website por medio de cookies o archivos<\/p>\n","protected":false},"author":1,"featured_media":0,"parent":0,"menu_order":0,"comment_status":"closed","ping_status":"open","template":"","meta":{"_monsterinsights_skip_tracking":false,"_monsterinsights_sitenote_active":false,"_monsterinsights_sitenote_note":"","_monsterinsights_sitenote_category":0,"footnotes":""},"class_list":["post-16449","page","type-page","status-publish","hentry"],"yoast_head":"<!-- This site is optimized with the Yoast SEO plugin v25.5 - https:\/\/yoast.com\/wordpress\/plugins\/seo\/ -->\n<title>Pol\u00edtica de cookies | Uso responsable de cookies<\/title>\n<meta name=\"description\" content=\"Consulta c\u00f3mo Domenio Wines utiliza cookies para mejorar tu experiencia de navegaci\u00f3n. Inf\u00f3rmate sobre el uso, tipo y gesti\u00f3n de cookies en nuestra web.\" \/>\n<meta name=\"robots\" content=\"index, follow, max-snippet:-1, max-image-preview:large, max-video-preview:-1\" \/>\n<link rel=\"canonical\" href=\"https:\/\/botiga.domeniowines.com\/es\/politica-de-cookies\/\" \/>\n<meta property=\"og:locale\" content=\"es_ES\" \/>\n<meta property=\"og:type\" content=\"article\" \/>\n<meta property=\"og:title\" content=\"Pol\u00edtica de cookies | Uso responsable de cookies\" \/>\n<meta property=\"og:description\" content=\"Consulta c\u00f3mo Domenio Wines utiliza cookies para mejorar tu experiencia de navegaci\u00f3n. Inf\u00f3rmate sobre el uso, tipo y gesti\u00f3n de cookies en nuestra web.\" \/>\n<meta property=\"og:url\" content=\"https:\/\/botiga.domeniowines.com\/es\/politica-de-cookies\/\" \/>\n<meta property=\"og:site_name\" content=\"Botiga Domeniowines\" \/>\n<meta property=\"article:modified_time\" content=\"2025-07-23T10:23:13+00:00\" \/>\n<meta name=\"twitter:card\" content=\"summary_large_image\" \/>\n<meta name=\"twitter:label1\" content=\"Tiempo de lectura\" \/>\n\t<meta name=\"twitter:data1\" content=\"6 minutos\" \/>\n<script type=\"application\/ld+json\" class=\"yoast-schema-graph\">{\"@context\":\"https:\/\/schema.org\",\"@graph\":[{\"@type\":\"WebPage\",\"@id\":\"https:\/\/botiga.domeniowines.com\/es\/politica-de-cookies\/\",\"url\":\"https:\/\/botiga.domeniowines.com\/es\/politica-de-cookies\/\",\"name\":\"Pol\u00edtica de cookies | Uso responsable de cookies\",\"isPartOf\":{\"@id\":\"https:\/\/botiga.domeniowines.com\/#website\"},\"datePublished\":\"2024-02-01T11:15:14+00:00\",\"dateModified\":\"2025-07-23T10:23:13+00:00\",\"description\":\"Consulta c\u00f3mo Domenio Wines utiliza cookies para mejorar tu experiencia de navegaci\u00f3n. Inf\u00f3rmate sobre el uso, tipo y gesti\u00f3n de cookies en nuestra web.\",\"breadcrumb\":{\"@id\":\"https:\/\/botiga.domeniowines.com\/es\/politica-de-cookies\/#breadcrumb\"},\"inLanguage\":\"es\",\"potentialAction\":[{\"@type\":\"ReadAction\",\"target\":[\"https:\/\/botiga.domeniowines.com\/es\/politica-de-cookies\/\"]}]},{\"@type\":\"BreadcrumbList\",\"@id\":\"https:\/\/botiga.domeniowines.com\/es\/politica-de-cookies\/#breadcrumb\",\"itemListElement\":[{\"@type\":\"ListItem\",\"position\":1,\"name\":\"Inici\",\"item\":\"https:\/\/botiga.domeniowines.com\/es\/\"},{\"@type\":\"ListItem\",\"position\":2,\"name\":\"Pol\u00edtica de cookies\"}]},{\"@type\":\"WebSite\",\"@id\":\"https:\/\/botiga.domeniowines.com\/#website\",\"url\":\"https:\/\/botiga.domeniowines.com\/\",\"name\":\"Botiga Domeniowines\",\"description\":\"\",\"potentialAction\":[{\"@type\":\"SearchAction\",\"target\":{\"@type\":\"EntryPoint\",\"urlTemplate\":\"https:\/\/botiga.domeniowines.com\/?s={search_term_string}\"},\"query-input\":{\"@type\":\"PropertyValueSpecification\",\"valueRequired\":true,\"valueName\":\"search_term_string\"}}],\"inLanguage\":\"es\"}]}<\/script>\n<!-- \/ Yoast SEO plugin. -->","yoast_head_json":{"title":"Pol\u00edtica de cookies | Uso responsable de cookies","description":"Consulta c\u00f3mo Domenio Wines utiliza cookies para mejorar tu experiencia de navegaci\u00f3n. Inf\u00f3rmate sobre el uso, tipo y gesti\u00f3n de cookies en nuestra web.","robots":{"index":"index","follow":"follow","max-snippet":"max-snippet:-1","max-image-preview":"max-image-preview:large","max-video-preview":"max-video-preview:-1"},"canonical":"https:\/\/botiga.domeniowines.com\/es\/politica-de-cookies\/","og_locale":"es_ES","og_type":"article","og_title":"Pol\u00edtica de cookies | Uso responsable de cookies","og_description":"Consulta c\u00f3mo Domenio Wines utiliza cookies para mejorar tu experiencia de navegaci\u00f3n. Inf\u00f3rmate sobre el uso, tipo y gesti\u00f3n de cookies en nuestra web.","og_url":"https:\/\/botiga.domeniowines.com\/es\/politica-de-cookies\/","og_site_name":"Botiga Domeniowines","article_modified_time":"2025-07-23T10:23:13+00:00","twitter_card":"summary_large_image","twitter_misc":{"Tiempo de lectura":"6 minutos"},"schema":{"@context":"https:\/\/schema.org","@graph":[{"@type":"WebPage","@id":"https:\/\/botiga.domeniowines.com\/es\/politica-de-cookies\/","url":"https:\/\/botiga.domeniowines.com\/es\/politica-de-cookies\/","name":"Pol\u00edtica de cookies | Uso responsable de cookies","isPartOf":{"@id":"https:\/\/botiga.domeniowines.com\/#website"},"datePublished":"2024-02-01T11:15:14+00:00","dateModified":"2025-07-23T10:23:13+00:00","description":"Consulta c\u00f3mo Domenio Wines utiliza cookies para mejorar tu experiencia de navegaci\u00f3n. Inf\u00f3rmate sobre el uso, tipo y gesti\u00f3n de cookies en nuestra web.","breadcrumb":{"@id":"https:\/\/botiga.domeniowines.com\/es\/politica-de-cookies\/#breadcrumb"},"inLanguage":"es","potentialAction":[{"@type":"ReadAction","target":["https:\/\/botiga.domeniowines.com\/es\/politica-de-cookies\/"]}]},{"@type":"BreadcrumbList","@id":"https:\/\/botiga.domeniowines.com\/es\/politica-de-cookies\/#breadcrumb","itemListElement":[{"@type":"ListItem","position":1,"name":"Inici","item":"https:\/\/botiga.domeniowines.com\/es\/"},{"@type":"ListItem","position":2,"name":"Pol\u00edtica de cookies"}]},{"@type":"WebSite","@id":"https:\/\/botiga.domeniowines.com\/#website","url":"https:\/\/botiga.domeniowines.com\/","name":"Botiga Domeniowines","description":"","potentialAction":[{"@type":"SearchAction","target":{"@type":"EntryPoint","urlTemplate":"https:\/\/botiga.domeniowines.com\/?s={search_term_string}"},"query-input":{"@type":"PropertyValueSpecification","valueRequired":true,"valueName":"search_term_string"}}],"inLanguage":"es"}]}},"_links":{"self":[{"href":"https:\/\/botiga.domeniowines.com\/es\/wp-json\/wp\/v2\/pages\/16449","targetHints":{"allow":["GET"]}}],"collection":[{"href":"https:\/\/botiga.domeniowines.com\/es\/wp-json\/wp\/v2\/pages"}],"about":[{"href":"https:\/\/botiga.domeniowines.com\/es\/wp-json\/wp\/v2\/types\/page"}],"author":[{"embeddable":true,"href":"https:\/\/botiga.domeniowines.com\/es\/wp-json\/wp\/v2\/users\/1"}],"replies":[{"embeddable":true,"href":"https:\/\/botiga.domeniowines.com\/es\/wp-json\/wp\/v2\/comments?post=16449"}],"version-history":[{"count":3,"href":"https:\/\/botiga.domeniowines.com\/es\/wp-json\/wp\/v2\/pages\/16449\/revisions"}],"predecessor-version":[{"id":16698,"href":"https:\/\/botiga.domeniowines.com\/es\/wp-json\/wp\/v2\/pages\/16449\/revisions\/16698"}],"wp:attachment":[{"href":"https:\/\/botiga.domeniowines.com\/es\/wp-json\/wp\/v2\/media?parent=16449"}],"curies":[{"name":"wp","href":"https:\/\/api.w.org\/{rel}","templated":true}]}}