{"id":16448,"date":"2024-02-01T12:20:52","date_gmt":"2024-02-01T11:20:52","guid":{"rendered":"https:\/\/botiga.domeniowines.com\/avis-legal\/"},"modified":"2025-07-23T11:54:27","modified_gmt":"2025-07-23T09:54:27","slug":"aviso-legal","status":"publish","type":"page","link":"https:\/\/botiga.domeniowines.com\/es\/aviso-legal\/","title":{"rendered":"Aviso legal"},"content":{"rendered":"<h2>Legal<\/h2>\n<ul>\n<li>Identitat del Responsable: CELLERS DOMENYS I SECCIO DE CREDIT, SCCL<\/li>\n<li>Nom comercial: CELLERS DOMENYS<\/li>\n<li>NIF \/ CIF: F-43012384<\/li>\n<li>Direcci\u00f3: C\/ Prat de la Riba, 18, 43713-Sant Jaume dels Domenys<\/li>\n<li>Correu electr\u00f2nic: rgpd@cellerdomenys.com<\/li>\n<li>Activitat: Cooperativa agr\u00edcola amb Secci\u00f3 de Cr\u00e8dit. Engloba les seccions de cr\u00e8dit de Rocafort de Queralt, Blancafort, Pira, Banyeres del Pened\u00e8s, Rodony\u00e0 i La Bisbal del Pened\u00e8s.<\/li>\n<\/ul>\n<p>Este comerciante se compromete a no permitir ninguna transacci\u00f3n que sea ilegal, o se considere por las marcas de tarjetas de cr\u00e9dito o el banco adquiriente, que pueda o tenga el potencial de da\u00f1ar la buena voluntad de los mismos o influir de manera negativa en ellos. Las siguientes actividades est\u00e1n prohibidas en virtud de los programas de las marcas de tarjetas: la venta u oferta de un producto o servicio que no sea de plena conformidad con todas las leyes aplicables al Comprador, Banco Emisor, Comerciante, Titular de la tarjeta, o tarjetas. Adem\u00e1s, las siguientes actividades tambi\u00e9n est\u00e1n prohibidas expl\u00edcitamente: &#8220;Venta de bebidas alcoh\u00f3licas a menores de 18 a\u00f1os&#8221;<\/p>\n<h2>CONDICIONES GENERALES DE USO<\/h2>\n<p>Las presentes Condiciones Generales de Uso junto con las Condiciones de Contrataci\u00f3n (en adelante, \u201clas Condiciones Generales\u201d) rigen, junto con la Pol\u00edtica de Privacidad y la Pol\u00edtica de Cookies, el acceso y la utilizaci\u00f3n del sitio web accesible mediante el nombre de dominio\u00a0<a href=\"https:\/\/www.botiga.domeniowines.com\/\">https:\/\/www.botiga.domeniowines.com<\/a>\u00a0(en adelante, \u201cel Sitio Web\u201d), as\u00ed como la contrataci\u00f3n de productos a trav\u00e9s de \u00e9ste. El simple acceso al Sitio Web atribuye a quien lo realiza la condici\u00f3n de Usuario del Sitio Web (en adelante, \u201cel \u201cUsuario\u201d) e implica la aceptaci\u00f3n de todos los t\u00e9rminos incluidos en estas Condiciones Generales. En caso de no estar de acuerdo con estas Condiciones Generales, el Usuario debe abandonar inmediatamente el Sitio Web sin utilizarlo.<\/p>\n<p>Por medio de la aceptaci\u00f3n de las presentes Condiciones Generales, el Usuario manifiesta:<\/p>\n<ul>\n<li>Que ha le\u00eddo, entiende y comprende lo aqu\u00ed expuesto.<\/li>\n<li>Que es mayor de edad de acuerdo con la normativa vigente en su lugar de residencia, .<\/li>\n<li>Que, en caso de que se disponga a contratar alg\u00fan producto, tiene capacidad suficiente para ello.<\/li>\n<li>Que asume todas las obligaciones aqu\u00ed dispuestas.<\/li>\n<\/ul>\n<p>El Usuario debe leer atentamente las presentes Condiciones Generales cada vez que acceda al Sitio Web, ya que el mismo y estas Condiciones Generales pueden sufrir modificaciones.<\/p>\n<p>El titular del Sitio Web se reserva la facultad de realizar, en cualquier momento, cualquier modificaci\u00f3n o actualizaci\u00f3n de sus contenidos y servicios, de las presentes Condiciones Generales y, en general, de cuantos elementos integran el dise\u00f1o y configuraci\u00f3n del Sitio Web.<\/p>\n<p>La modificaci\u00f3n de estas Condiciones Generales no afectar\u00e1 a los bienes o promociones que hubieran sido adquiridos previamente a dicha modificaci\u00f3n.<\/p>\n<h2><b>Informaci\u00f3n general del Sitio Web<\/b><\/h2>\n<p>En cumplimiento de lo establecido por el art\u00edculo 10 de la Ley 34\/2002, de 11 de julio, de servicios de la sociedad de la informaci\u00f3n y de comercio electr\u00f3nico, a continuaci\u00f3n se ofrece la informaci\u00f3n general del Sitio Web:<\/p>\n<h4>1. Acceso al Sitio Web<\/h4>\n<p>El simple acceso al Sitio Web es gratuito salvo en lo relativo al coste de la conexi\u00f3n a trav\u00e9s de la red de telecomunicaciones suministrada por el proveedor de acceso contratado por el Usuario.<\/p>\n<h4>2. Necesidad de Registro<\/h4>\n<p>La utilizaci\u00f3n de determinados servicios y contenidos podr\u00e1 estar condicionada al Registro previo del Usuario.<\/p>\n<p>Los datos introducidos por el Usuario deber\u00e1n ser exactos, actuales y veraces. El Usuario registrado ser\u00e1 responsable en todo momento de la custodia de su contrase\u00f1a, asumiendo en consecuencia cualesquiera da\u00f1os y perjuicios que pudieran derivarse de su uso indebido, as\u00ed como de la cesi\u00f3n, revelaci\u00f3n o extrav\u00edo del mismo. A estos efectos, el acceso a \u00e1reas restringidas y\/o el uso de los servicios y contenidos realizado bajo la contrase\u00f1a de un Usuario registrado se reputar\u00e1n realizados por dicho Usuario registrado, quien responder\u00e1 en todo caso de dicho acceso y uso.<\/p>\n<h4>3. Normas de utilizaci\u00f3n del Sitio Web<\/h4>\n<p>El Usuario se obliga a utilizar el Sitio Web y todo su contenido y servicios conforme a lo establecido en la ley, la moral, el orden p\u00fablico y en las presentes Condiciones Generales. Asimismo, se obliga hacer un uso adecuado de los servicios y\/o contenidos del Sitio Web y a no emplearlos para realizar actividades il\u00edcitas o constitutivas de delito, que atenten contra los derechos de terceros y\/o que infrinjan la regulaci\u00f3n sobre propiedad intelectual e industrial, o cualesquiera otras normas del ordenamiento jur\u00eddico aplicable.<\/p>\n<p>El Usuario se obliga a no transmitir, introducir, difundir y poner a disposici\u00f3n de terceros, cualquier tipo de material e informaci\u00f3n (datos, contenidos, mensajes, dibujos, archivos de sonido e imagen, fotograf\u00edas, software, etc.) que sean contrarios a la ley, la moral, el orden p\u00fablico y las presentes Condiciones Generales. A t\u00edtulo enunciativo, y en ning\u00fan caso limitativo o excluyente, el Usuario se compromete a:<\/p>\n<p>I.- No introducir o difundir en la red programas de datos (virus y software nocivo) susceptibles de provocar da\u00f1os en los sistemas inform\u00e1ticos del proveedor de acceso, sus proveedores o terceros Usuarios de la red Internet.<\/p>\n<p>II.- No difundir, transmitir o poner a disposici\u00f3n de terceros cualquier tipo de informaci\u00f3n, elemento o contenido que atente contra los derechos fundamentales y las libertades p\u00fablicas reconocidos constitucionalmente y en los tratados internacionales.<\/p>\n<p>III.- No difundir, transmitir o poner a disposici\u00f3n de terceros cualquier tipo de informaci\u00f3n, elemento o contenido que constituya publicidad il\u00edcita o desleal.<\/p>\n<p>IV.- No transmitir publicidad no solicitada o autorizada, material publicitario, &#8220;correo basura&#8221;, &#8220;cartas en cadena&#8221;, &#8220;estructuras piramidales&#8221;, o cualquier otra forma de solicitaci\u00f3n.<\/p>\n<p>V.- No introducir o difundir cualquier informaci\u00f3n y contenidos falsos, ambiguos o inexactos de forma que induzca a error a los receptores de la informaci\u00f3n.<\/p>\n<p>VI.- No suplantar a otros Usuarios utilizando sus claves de registro a los distintos servicios y\/o contenidos del Sitio Web.<\/p>\n<p>VII.- No difundir, transmitir o poner a disposici\u00f3n de terceros cualquier tipo de informaci\u00f3n, elemento o contenido que suponga una violaci\u00f3n de los derechos de propiedad intelectual e industrial, patentes, marcas o copyright que correspondan a los titulares del Sitio Web o a terceros.<\/p>\n<p>VIII.- No difundir, transmitir o poner a disposici\u00f3n de terceros cualquier tipo de informaci\u00f3n, elemento o contenido que suponga una violaci\u00f3n del secreto de las comunicaciones y la legislaci\u00f3n de datos de car\u00e1cter personal.<\/p>\n<p>El Usuario se obliga a mantener indemne a CELLERS DOMENYS ante cualquier posible reclamaci\u00f3n, multa, pena o sanci\u00f3n que pueda venir obligada a soportar como consecuencia del incumplimiento por parte del Usuario de cualquiera de las normas de utilizaci\u00f3n antes indicadas, reserv\u00e1ndose, adem\u00e1s, CELLERS DOMENYS el derecho a solicitar la indemnizaci\u00f3n por da\u00f1os y perjuicios que corresponda.<\/p>\n<p>En ocasiones, CELLERS DOMENYS puede facilitar al Usuario a trav\u00e9s de sus comunicaciones, como por ejemplo los boletines peri\u00f3dicos, un enlace que le permitir\u00e1 acceder a su cuenta personal. Dicho acceso se llevar\u00e1 a cabo a trav\u00e9s de una direcci\u00f3n \u00fanica y privada, de forma que el Usuario no necesitar\u00e1 introducir sus claves de acceso al Sitio web. En consecuencia, el Usuario deber\u00e1 tratar las comunicaciones de CELLERS DOMENYS de forma confidencial y abstenerse de renviarlas a terceros, a fin de evitar accesos no autorizados a la informaci\u00f3n privada de su cuenta.<\/p>\n<h4>4. Exclusi\u00f3n de Responsabilidad<\/h4>\n<p>El acceso del Usuario a\u00a0<a href=\"https:\/\/www.botiga.domeniowines.com\/\">https:\/\/www.botiga.domeniowines.com<\/a>\u00a0no implica para CELLERS DOMENYS la obligaci\u00f3n de controlar la ausencia de virus, cookies o cualquier otro elemento inform\u00e1tico da\u00f1ino. Corresponde al Usuario, en todo caso, la disponibilidad de herramientas adecuadas para la detecci\u00f3n y desinfecci\u00f3n de programas inform\u00e1ticos da\u00f1inos.<\/p>\n<p>CELLERS DOMENYS no se responsabiliza de los da\u00f1os producidos en el software y equipos inform\u00e1ticos de los Usuarios o de terceros durante la utilizaci\u00f3n de los servicios ofrecidos en el Sitio Web.<\/p>\n<p>CELLERS DOMENYS no se responsabiliza de los da\u00f1os o perjuicios de cualquier tipo producidos en el Usuario que traigan causa de fallos o desconexiones en las redes de telecomunicaciones que produzcan la suspensi\u00f3n, cancelaci\u00f3n o interrupci\u00f3n del servicio del Sitio Web durante la prestaci\u00f3n del mismo o con car\u00e1cter previo.<\/p>\n<h4>5. Contenidos y servicios enlazados a trav\u00e9s del Sitio Web<\/h4>\n<p>El servicio de acceso a\u00a0<a href=\"https:\/\/www.botiga.domeniowines.com\/\">https:\/\/www.botiga.domeniowines.com<\/a>\u00a0puede incluir dispositivos t\u00e9cnicos de enlace, directorios e incluso instrumentos de b\u00fasqueda que permiten al Usuario acceder a otras p\u00e1ginas y Portales de Internet (en adelante, \u201cSitios Enlazados\u201d). En estos casos, CELLERS DOMENYS s\u00f3lo ser\u00e1 responsable de los contenidos y servicios suministrados en los Sitios Enlazados en la medida en que tenga conocimiento efectivo de la ilicitud y no haya desactivado el enlace con la diligencia debida. En el supuesto de que el Usuario considere que existe un Sitio Enlazado con contenidos il\u00edcitos o inadecuados podr\u00e1 comunic\u00e1rselo a CELLERS DOMENYS, sin que en ning\u00fan caso esta comunicaci\u00f3n conlleve la obligaci\u00f3n de retirar el correspondiente enlace.<\/p>\n<p>En ning\u00fan caso, la existencia de Sitios enlazados debe presuponer la formalizaci\u00f3n de acuerdos con los responsables o titulares de los mismos, ni la recomendaci\u00f3n, promoci\u00f3n o identificaci\u00f3n de CELLERS DOMENYS con las manifestaciones, contenidos o servicios prove\u00eddos.<\/p>\n<p>CELLERS DOMENYS no conoce los contenidos y servicios de los Sitios Enlazados y, por tanto, no se hace responsable por los da\u00f1os producidos por la ilicitud, calidad, desactualizaci\u00f3n, indisponibilidad, error e inutilidad de los contenidos y\/o servicios de los Sitios Enlazados ni por cualquier otro da\u00f1o que no sea directamente imputable a CELLERS DOMENYS.<\/p>\n<h4>6. Propiedad intelectual e industrial<\/h4>\n<p>Todos los contenidos de\u00a0<a href=\"https:\/\/www.botiga.domeniowines.com\/\">https:\/\/www.botiga.domeniowines.com<\/a>\u00a0, entendiendo por \u00e9stos, a t\u00edtulo meramente enunciativo, los textos, fotograf\u00edas, gr\u00e1ficos, im\u00e1genes, iconos, tecnolog\u00eda, software, links y dem\u00e1s contenidos audiovisuales o sonoros, as\u00ed como su dise\u00f1o gr\u00e1fico y c\u00f3digos fuente, son propiedad intelectual de CELLERS DOMENYS o de terceros, de los que cuenta con autorizaci\u00f3n, sin que puedan entenderse cedidos al Usuario ninguno de los derechos de explotaci\u00f3n reconocidos por la normativa vigente en materia de propiedad intelectual sobre los mismos.<\/p>\n<p>Las marcas, nombres comerciales o signos distintivos son titularidad de CELLERS DOMENYS o terceros, sin que pueda entenderse que el acceso al Sitio Web atribuye alg\u00fan derecho sobre los mismos.<\/p>\n<p>En todo caso, el Usuario conoce y acepta que las calificaciones y los comentarios que realice sobre los productos disponibles a trav\u00e9s del Sitio Web podr\u00e1n ser accesibles para el resto de los Usuarios del Sitio Web, incluyendo la identidad de su autor.<\/p>\n<p>Versi\u00f3n: Junio 2020<\/p>\n","protected":false},"excerpt":{"rendered":"<p>Legal Identitat del Responsable: CELLERS DOMENYS I SECCIO DE CREDIT, SCCL Nom comercial: CELLERS DOMENYS NIF \/ CIF: F-43012384 Direcci\u00f3:<\/p>\n","protected":false},"author":1,"featured_media":0,"parent":0,"menu_order":0,"comment_status":"closed","ping_status":"open","template":"","meta":{"_monsterinsights_skip_tracking":false,"_monsterinsights_sitenote_active":false,"_monsterinsights_sitenote_note":"","_monsterinsights_sitenote_category":0,"footnotes":""},"class_list":["post-16448","page","type-page","status-publish","hentry"],"yoast_head":"<!-- This site is optimized with the Yoast SEO plugin v25.5 - https:\/\/yoast.com\/wordpress\/plugins\/seo\/ -->\n<title>Aviso legal | Condiciones y responsabilidad de uso<\/title>\n<meta name=\"description\" content=\"Consulta el aviso legal de Cellers Domenys: condiciones de uso, acceso, propiedad intelectual y responsabilidad sobre el sitio web.\" \/>\n<meta name=\"robots\" content=\"index, follow, max-snippet:-1, max-image-preview:large, max-video-preview:-1\" \/>\n<link rel=\"canonical\" href=\"https:\/\/botiga.domeniowines.com\/es\/aviso-legal\/\" \/>\n<meta property=\"og:locale\" content=\"es_ES\" \/>\n<meta property=\"og:type\" content=\"article\" \/>\n<meta property=\"og:title\" content=\"Aviso legal | Condiciones y responsabilidad de uso\" \/>\n<meta property=\"og:description\" content=\"Consulta el aviso legal de Cellers Domenys: condiciones de uso, acceso, propiedad intelectual y responsabilidad sobre el sitio web.\" \/>\n<meta property=\"og:url\" content=\"https:\/\/botiga.domeniowines.com\/es\/aviso-legal\/\" \/>\n<meta property=\"og:site_name\" content=\"Botiga Domeniowines\" \/>\n<meta property=\"article:modified_time\" content=\"2025-07-23T09:54:27+00:00\" \/>\n<meta name=\"twitter:card\" content=\"summary_large_image\" \/>\n<meta name=\"twitter:label1\" content=\"Tiempo de lectura\" \/>\n\t<meta name=\"twitter:data1\" content=\"10 minutos\" \/>\n<script type=\"application\/ld+json\" class=\"yoast-schema-graph\">{\"@context\":\"https:\/\/schema.org\",\"@graph\":[{\"@type\":\"WebPage\",\"@id\":\"https:\/\/botiga.domeniowines.com\/es\/aviso-legal\/\",\"url\":\"https:\/\/botiga.domeniowines.com\/es\/aviso-legal\/\",\"name\":\"Aviso legal | Condiciones y responsabilidad de uso\",\"isPartOf\":{\"@id\":\"https:\/\/botiga.domeniowines.com\/#website\"},\"datePublished\":\"2024-02-01T11:20:52+00:00\",\"dateModified\":\"2025-07-23T09:54:27+00:00\",\"description\":\"Consulta el aviso legal de Cellers Domenys: condiciones de uso, acceso, propiedad intelectual y responsabilidad sobre el sitio web.\",\"breadcrumb\":{\"@id\":\"https:\/\/botiga.domeniowines.com\/es\/aviso-legal\/#breadcrumb\"},\"inLanguage\":\"es\",\"potentialAction\":[{\"@type\":\"ReadAction\",\"target\":[\"https:\/\/botiga.domeniowines.com\/es\/aviso-legal\/\"]}]},{\"@type\":\"BreadcrumbList\",\"@id\":\"https:\/\/botiga.domeniowines.com\/es\/aviso-legal\/#breadcrumb\",\"itemListElement\":[{\"@type\":\"ListItem\",\"position\":1,\"name\":\"Inici\",\"item\":\"https:\/\/botiga.domeniowines.com\/es\/\"},{\"@type\":\"ListItem\",\"position\":2,\"name\":\"Aviso legal\"}]},{\"@type\":\"WebSite\",\"@id\":\"https:\/\/botiga.domeniowines.com\/#website\",\"url\":\"https:\/\/botiga.domeniowines.com\/\",\"name\":\"Botiga Domeniowines\",\"description\":\"\",\"potentialAction\":[{\"@type\":\"SearchAction\",\"target\":{\"@type\":\"EntryPoint\",\"urlTemplate\":\"https:\/\/botiga.domeniowines.com\/?s={search_term_string}\"},\"query-input\":{\"@type\":\"PropertyValueSpecification\",\"valueRequired\":true,\"valueName\":\"search_term_string\"}}],\"inLanguage\":\"es\"}]}<\/script>\n<!-- \/ Yoast SEO plugin. -->","yoast_head_json":{"title":"Aviso legal | Condiciones y responsabilidad de uso","description":"Consulta el aviso legal de Cellers Domenys: condiciones de uso, acceso, propiedad intelectual y responsabilidad sobre el sitio web.","robots":{"index":"index","follow":"follow","max-snippet":"max-snippet:-1","max-image-preview":"max-image-preview:large","max-video-preview":"max-video-preview:-1"},"canonical":"https:\/\/botiga.domeniowines.com\/es\/aviso-legal\/","og_locale":"es_ES","og_type":"article","og_title":"Aviso legal | Condiciones y responsabilidad de uso","og_description":"Consulta el aviso legal de Cellers Domenys: condiciones de uso, acceso, propiedad intelectual y responsabilidad sobre el sitio web.","og_url":"https:\/\/botiga.domeniowines.com\/es\/aviso-legal\/","og_site_name":"Botiga Domeniowines","article_modified_time":"2025-07-23T09:54:27+00:00","twitter_card":"summary_large_image","twitter_misc":{"Tiempo de lectura":"10 minutos"},"schema":{"@context":"https:\/\/schema.org","@graph":[{"@type":"WebPage","@id":"https:\/\/botiga.domeniowines.com\/es\/aviso-legal\/","url":"https:\/\/botiga.domeniowines.com\/es\/aviso-legal\/","name":"Aviso legal | Condiciones y responsabilidad de uso","isPartOf":{"@id":"https:\/\/botiga.domeniowines.com\/#website"},"datePublished":"2024-02-01T11:20:52+00:00","dateModified":"2025-07-23T09:54:27+00:00","description":"Consulta el aviso legal de Cellers Domenys: condiciones de uso, acceso, propiedad intelectual y responsabilidad sobre el sitio web.","breadcrumb":{"@id":"https:\/\/botiga.domeniowines.com\/es\/aviso-legal\/#breadcrumb"},"inLanguage":"es","potentialAction":[{"@type":"ReadAction","target":["https:\/\/botiga.domeniowines.com\/es\/aviso-legal\/"]}]},{"@type":"BreadcrumbList","@id":"https:\/\/botiga.domeniowines.com\/es\/aviso-legal\/#breadcrumb","itemListElement":[{"@type":"ListItem","position":1,"name":"Inici","item":"https:\/\/botiga.domeniowines.com\/es\/"},{"@type":"ListItem","position":2,"name":"Aviso legal"}]},{"@type":"WebSite","@id":"https:\/\/botiga.domeniowines.com\/#website","url":"https:\/\/botiga.domeniowines.com\/","name":"Botiga Domeniowines","description":"","potentialAction":[{"@type":"SearchAction","target":{"@type":"EntryPoint","urlTemplate":"https:\/\/botiga.domeniowines.com\/?s={search_term_string}"},"query-input":{"@type":"PropertyValueSpecification","valueRequired":true,"valueName":"search_term_string"}}],"inLanguage":"es"}]}},"_links":{"self":[{"href":"https:\/\/botiga.domeniowines.com\/es\/wp-json\/wp\/v2\/pages\/16448","targetHints":{"allow":["GET"]}}],"collection":[{"href":"https:\/\/botiga.domeniowines.com\/es\/wp-json\/wp\/v2\/pages"}],"about":[{"href":"https:\/\/botiga.domeniowines.com\/es\/wp-json\/wp\/v2\/types\/page"}],"author":[{"embeddable":true,"href":"https:\/\/botiga.domeniowines.com\/es\/wp-json\/wp\/v2\/users\/1"}],"replies":[{"embeddable":true,"href":"https:\/\/botiga.domeniowines.com\/es\/wp-json\/wp\/v2\/comments?post=16448"}],"version-history":[{"count":4,"href":"https:\/\/botiga.domeniowines.com\/es\/wp-json\/wp\/v2\/pages\/16448\/revisions"}],"predecessor-version":[{"id":16695,"href":"https:\/\/botiga.domeniowines.com\/es\/wp-json\/wp\/v2\/pages\/16448\/revisions\/16695"}],"wp:attachment":[{"href":"https:\/\/botiga.domeniowines.com\/es\/wp-json\/wp\/v2\/media?parent=16448"}],"curies":[{"name":"wp","href":"https:\/\/api.w.org\/{rel}","templated":true}]}}